{"id":15324,"date":"2018-04-11T12:03:35","date_gmt":"2018-04-11T10:03:35","guid":{"rendered":"https:\/\/permanentny-anastazja.pl\/blog\/"},"modified":"2024-05-20T00:21:39","modified_gmt":"2024-05-19T22:21:39","slug":"blog","status":"publish","type":"page","link":"https:\/\/permanentny-anastazja.pl\/de\/blog\/","title":{"rendered":"Blog"},"content":{"rendered":"\t\t<div data-elementor-type=\"wp-page\" data-elementor-id=\"15324\" class=\"elementor elementor-15324 elementor-1304\" data-elementor-post-type=\"page\">\n\t\t\t\t\t\t<section class=\"elementor-section elementor-top-section elementor-element elementor-element-6e70ecd3 elementor-section-content-middle elementor-section-stretched elementor-section-boxed elementor-section-height-default elementor-section-height-default mkdf-parallax-row-no mkdf-content-aligment-left mkdf-elementor-row-grid-no mkdf-disabled-bg-image-bellow-no\" data-id=\"6e70ecd3\" data-element_type=\"section\" data-settings=\"{&quot;background_background&quot;:&quot;classic&quot;,&quot;stretch_section&quot;:&quot;section-stretched&quot;}\">\n\t\t\t\t\t\t<div class=\"elementor-container elementor-column-gap-default\">\n\t\t\t\t\t<div class=\"elementor-column elementor-col-100 elementor-top-column elementor-element elementor-element-50b4a2f6\" data-id=\"50b4a2f6\" data-element_type=\"column\">\n\t\t\t<div class=\"elementor-widget-wrap elementor-element-populated\">\n\t\t\t\t\t\t<div class=\"elementor-element elementor-element-48964958 elementor-widget elementor-widget-heading\" data-id=\"48964958\" data-element_type=\"widget\" data-widget_type=\"heading.default\">\n\t\t\t\t<div class=\"elementor-widget-container\">\n\t\t\t\t\t<h5 class=\"elementor-heading-title elementor-size-default\">Blog<\/h5>\t\t\t\t<\/div>\n\t\t\t\t<\/div>\n\t\t\t\t\t<\/div>\n\t\t<\/div>\n\t\t\t\t\t<\/div>\n\t\t<\/section>\n\t\t\t\t<section class=\"elementor-section elementor-top-section elementor-element elementor-element-6423782a elementor-section-content-middle elementor-section-stretched elementor-section-boxed elementor-section-height-default elementor-section-height-default mkdf-parallax-row-no mkdf-content-aligment-left mkdf-elementor-row-grid-no mkdf-disabled-bg-image-bellow-no\" data-id=\"6423782a\" data-element_type=\"section\" data-settings=\"{&quot;background_background&quot;:&quot;classic&quot;,&quot;stretch_section&quot;:&quot;section-stretched&quot;}\">\n\t\t\t\t\t\t<div class=\"elementor-container elementor-column-gap-default\">\n\t\t\t\t\t<div class=\"elementor-column elementor-col-100 elementor-top-column elementor-element elementor-element-2b243ea8\" data-id=\"2b243ea8\" data-element_type=\"column\">\n\t\t\t<div class=\"elementor-widget-wrap elementor-element-populated\">\n\t\t\t\t\t\t<div class=\"elementor-element elementor-element-7b058564 elementor-widget elementor-widget-jkit_post_block\" data-id=\"7b058564\" data-element_type=\"widget\" data-widget_type=\"jkit_post_block.default\">\n\t\t\t\t<div class=\"elementor-widget-container\">\n\t\t\t\t\t<div  class=\"jeg-elementor-kit jkit-postblock postblock-type-3 jkit-pagination-loadmore post-element jeg_module___69e30b464eb80\"  data-id=\"jeg_module___69e30b464eb80\" data-settings=\"{&quot;post_type&quot;:&quot;post&quot;,&quot;number_post&quot;:{&quot;unit&quot;:&quot;px&quot;,&quot;size&quot;:9,&quot;sizes&quot;:[]},&quot;post_offset&quot;:0,&quot;unique_content&quot;:&quot;disable&quot;,&quot;include_post&quot;:&quot;&quot;,&quot;exclude_post&quot;:&quot;&quot;,&quot;include_category&quot;:&quot;1&quot;,&quot;exclude_category&quot;:&quot;&quot;,&quot;include_author&quot;:&quot;&quot;,&quot;include_tag&quot;:&quot;&quot;,&quot;exclude_tag&quot;:&quot;&quot;,&quot;portfolio-category&quot;:&quot;&quot;,&quot;portfolio-tag&quot;:&quot;&quot;,&quot;web_story_category&quot;:&quot;&quot;,&quot;web_story_tag&quot;:&quot;&quot;,&quot;sort_by&quot;:&quot;latest&quot;,&quot;pagination_mode&quot;:&quot;loadmore&quot;,&quot;pagination_loadmore_text&quot;:&quot;Za\\u0142aduj Wi\\u0119cej&quot;,&quot;pagination_loading_text&quot;:&quot;\\u0141adowanie...&quot;,&quot;pagination_number_post&quot;:{&quot;unit&quot;:&quot;px&quot;,&quot;size&quot;:6,&quot;sizes&quot;:[]},&quot;pagination_scroll_limit&quot;:0,&quot;pagination_icon&quot;:{&quot;value&quot;:&quot;&quot;,&quot;library&quot;:&quot;&quot;},&quot;pagination_icon_position&quot;:&quot;before&quot;,&quot;st_category_position&quot;:&quot;center&quot;,&quot;sg_content_postblock_type&quot;:&quot;type-3&quot;,&quot;sg_content_element_order&quot;:&quot;title,meta,excerpt,read&quot;,&quot;sg_content_breakpoint&quot;:&quot;tablet&quot;,&quot;sg_content_title_html_tag&quot;:&quot;h3&quot;,&quot;sg_content_category_enable&quot;:&quot;&quot;,&quot;sg_content_excerpt_enable&quot;:&quot;yes&quot;,&quot;sg_content_excerpt_length&quot;:{&quot;unit&quot;:&quot;px&quot;,&quot;size&quot;:20,&quot;sizes&quot;:[]},&quot;sg_content_excerpt_more&quot;:&quot;...&quot;,&quot;sg_content_readmore_enable&quot;:&quot;yes&quot;,&quot;sg_content_readmore_icon&quot;:{&quot;value&quot;:&quot;fas fa-arrow-right&quot;,&quot;library&quot;:&quot;fa-solid&quot;},&quot;sg_content_readmore_icon_position&quot;:&quot;after&quot;,&quot;sg_content_readmore_text&quot;:&quot;CZYTAJ WI\\u0118CEJ&quot;,&quot;sg_content_comment_enable&quot;:&quot;&quot;,&quot;sg_content_comment_icon&quot;:{&quot;value&quot;:&quot;fas fa-comment&quot;,&quot;library&quot;:&quot;fa-solid&quot;},&quot;sg_content_comment_icon_position&quot;:&quot;before&quot;,&quot;sg_content_meta_enable&quot;:&quot;yes&quot;,&quot;sg_content_meta_author_enable&quot;:&quot;&quot;,&quot;sg_content_meta_author_by_text&quot;:&quot;&quot;,&quot;sg_content_meta_author_icon&quot;:{&quot;value&quot;:&quot;fas fa-user&quot;,&quot;library&quot;:&quot;fa-solid&quot;},&quot;sg_content_meta_author_icon_position&quot;:&quot;before&quot;,&quot;sg_content_meta_date_enable&quot;:&quot;yes&quot;,&quot;sg_content_meta_date_type&quot;:&quot;published&quot;,&quot;sg_content_meta_date_format&quot;:&quot;default&quot;,&quot;sg_content_meta_date_format_custom&quot;:&quot;F j, Y&quot;,&quot;sg_content_meta_date_icon&quot;:{&quot;value&quot;:&quot;fas fa-clock&quot;,&quot;library&quot;:&quot;fa-solid&quot;},&quot;sg_content_meta_date_icon_position&quot;:&quot;before&quot;,&quot;sg_content_image_size_imagesize_size&quot;:&quot;large&quot;,&quot;lang&quot;:&quot;de&quot;,&quot;paged&quot;:1,&quot;class&quot;:&quot;jkit_post_block&quot;}\"><div class=\"jkit-block-container\"><div class=\"jkit-posts jkit-ajax-flag\">\n            <article class=\"jkit-post post-15461 post type-post status-publish format-standard has-post-thumbnail hentry category-unkategorisiert\">\n                    <div class=\"jkit-thumb\"><a aria-label=\"Lippenkontur mit Schattierung\" href=\"https:\/\/permanentny-anastazja.pl\/de\/lippenkontur-mit-schattierung\/\"><div class=\"thumbnail-container \">\n            <img loading=\"lazy\" decoding=\"async\" width=\"1000\" height=\"750\" src=\"https:\/\/permanentny-anastazja.pl\/wp-content\/uploads\/2022\/02\/a222-1.png\" class=\"attachment-large size-large wp-post-image\" alt=\"\" loading=\"lazy\" srcset=\"https:\/\/permanentny-anastazja.pl\/wp-content\/uploads\/2022\/02\/a222-1.png 1000w, https:\/\/permanentny-anastazja.pl\/wp-content\/uploads\/2022\/02\/a222-1-300x225.png 300w, https:\/\/permanentny-anastazja.pl\/wp-content\/uploads\/2022\/02\/a222-1-768x576.png 768w\" sizes=\"auto, (max-width: 1000px) 100vw, 1000px\" title=\"\">\n        <\/div><\/a><\/div>\n                    <div class=\"jkit-postblock-content\"><h3 class=\"jkit-post-title\">\n\t\t\t\t\t\t\t<a href=\"https:\/\/permanentny-anastazja.pl\/de\/lippenkontur-mit-schattierung\/\">Lippenkontur mit Schattierung<\/a>\n\t\t\t\t\t\t<\/h3><div class=\"jkit-post-meta\"><div class=\"jkit-meta-date icon-position-before\"><i aria-hidden=\"true\" class=\"fas fa-clock\"><\/i>20 Februar 2022<\/div><\/div><div class=\"jkit-post-excerpt\"><p>CONTUR mit Beschattung Gdansk Wie w\u00e4re es mit der perfekten Form, einem sanften Vergr\u00f6\u00dferungseffekt und einer nat\u00fcrlichen Farbe, die Sie...<\/p><\/div><div class=\"jkit-post-meta-bottom\">\n\t\t\t\t\t\t\t<div class=\"jkit-meta-readmore icon-position-after\">\n                <a title=\"Lippenkontur mit Schattierung\" href=\"https:\/\/permanentny-anastazja.pl\/de\/lippenkontur-mit-schattierung\/\" class=\"jkit-readmore\">CZYTAJ WI\u0118CEJ<i aria-hidden=\"true\" class=\"fas fa-arrow-right\"><\/i><\/a>\n            <\/div>\n\t\t\t\t\t\t<\/div><\/div>\n                <\/article><article class=\"jkit-post post-15524 post type-post status-publish format-standard has-post-thumbnail hentry category-unkategorisiert\">\n                    <div class=\"jkit-thumb\"><a aria-label=\"Kurs f\u00fcr Permanent Make-up\" href=\"https:\/\/permanentny-anastazja.pl\/de\/kurs-fuer-permanent-make-up\/\"><div class=\"thumbnail-container \">\n            <img loading=\"lazy\" decoding=\"async\" width=\"838\" height=\"1024\" src=\"https:\/\/permanentny-anastazja.pl\/wp-content\/uploads\/2023\/10\/333-838x1024.png\" class=\"attachment-large size-large wp-post-image\" alt=\"\" loading=\"lazy\" srcset=\"https:\/\/permanentny-anastazja.pl\/wp-content\/uploads\/2023\/10\/333-838x1024.png 838w, https:\/\/permanentny-anastazja.pl\/wp-content\/uploads\/2023\/10\/333-245x300.png 245w, https:\/\/permanentny-anastazja.pl\/wp-content\/uploads\/2023\/10\/333-768x939.png 768w, https:\/\/permanentny-anastazja.pl\/wp-content\/uploads\/2023\/10\/333-1257x1536.png 1257w, https:\/\/permanentny-anastazja.pl\/wp-content\/uploads\/2023\/10\/333-1676x2048.png 1676w, https:\/\/permanentny-anastazja.pl\/wp-content\/uploads\/2023\/10\/333.png 1800w\" sizes=\"auto, (max-width: 838px) 100vw, 838px\" title=\"\">\n        <\/div><\/a><\/div>\n                    <div class=\"jkit-postblock-content\"><h3 class=\"jkit-post-title\">\n\t\t\t\t\t\t\t<a href=\"https:\/\/permanentny-anastazja.pl\/de\/kurs-fuer-permanent-make-up\/\">Kurs f\u00fcr Permanent Make-up<\/a>\n\t\t\t\t\t\t<\/h3><div class=\"jkit-post-meta\"><div class=\"jkit-meta-date icon-position-before\"><i aria-hidden=\"true\" class=\"fas fa-clock\"><\/i>18 Januar 2022<\/div><\/div><div class=\"jkit-post-excerpt\"><p>Investieren Sie in die beste Permanent-Make-up-Ausbildung Der Kurs Basic - BASIC richtet sich an Personen mit wenig oder gar keiner...<\/p><\/div><div class=\"jkit-post-meta-bottom\">\n\t\t\t\t\t\t\t<div class=\"jkit-meta-readmore icon-position-after\">\n                <a title=\"Kurs f\u00fcr Permanent Make-up\" href=\"https:\/\/permanentny-anastazja.pl\/de\/kurs-fuer-permanent-make-up\/\" class=\"jkit-readmore\">CZYTAJ WI\u0118CEJ<i aria-hidden=\"true\" class=\"fas fa-arrow-right\"><\/i><\/a>\n            <\/div>\n\t\t\t\t\t\t<\/div><\/div>\n                <\/article><article class=\"jkit-post post-15460 post type-post status-publish format-standard has-post-thumbnail hentry category-unkategorisiert\">\n                    <div class=\"jkit-thumb\"><a aria-label=\"Permanent Make-up &#8211; Augenbrauen Danzig\" href=\"https:\/\/permanentny-anastazja.pl\/de\/permanent-make-up-augenbrauen-danzig\/\"><div class=\"thumbnail-container \">\n            <img loading=\"lazy\" decoding=\"async\" width=\"1000\" height=\"750\" src=\"https:\/\/permanentny-anastazja.pl\/wp-content\/uploads\/2022\/01\/Projekt-bez-nazwy-5.png\" class=\"attachment-large size-large wp-post-image\" alt=\"\" loading=\"lazy\" srcset=\"https:\/\/permanentny-anastazja.pl\/wp-content\/uploads\/2022\/01\/Projekt-bez-nazwy-5.png 1000w, https:\/\/permanentny-anastazja.pl\/wp-content\/uploads\/2022\/01\/Projekt-bez-nazwy-5-300x225.png 300w, https:\/\/permanentny-anastazja.pl\/wp-content\/uploads\/2022\/01\/Projekt-bez-nazwy-5-768x576.png 768w\" sizes=\"auto, (max-width: 1000px) 100vw, 1000px\" title=\"\">\n        <\/div><\/a><\/div>\n                    <div class=\"jkit-postblock-content\"><h3 class=\"jkit-post-title\">\n\t\t\t\t\t\t\t<a href=\"https:\/\/permanentny-anastazja.pl\/de\/permanent-make-up-augenbrauen-danzig\/\">Permanent Make-up &#8211; Augenbrauen Danzig<\/a>\n\t\t\t\t\t\t<\/h3><div class=\"jkit-post-meta\"><div class=\"jkit-meta-date icon-position-before\"><i aria-hidden=\"true\" class=\"fas fa-clock\"><\/i>16 Januar 2022<\/div><\/div><div class=\"jkit-post-excerpt\"><p>Permanent Make-up ist ein kosmetisches Verfahren zur dauerhaften Betonung von Lippen, Augen und Augenbrauen. Bei den Augen handelt es sich...<\/p><\/div><div class=\"jkit-post-meta-bottom\">\n\t\t\t\t\t\t\t<div class=\"jkit-meta-readmore icon-position-after\">\n                <a title=\"Permanent Make-up &#8211; Augenbrauen Danzig\" href=\"https:\/\/permanentny-anastazja.pl\/de\/permanent-make-up-augenbrauen-danzig\/\" class=\"jkit-readmore\">CZYTAJ WI\u0118CEJ<i aria-hidden=\"true\" class=\"fas fa-arrow-right\"><\/i><\/a>\n            <\/div>\n\t\t\t\t\t\t<\/div><\/div>\n                <\/article><article class=\"jkit-post post-15439 post type-post status-publish format-standard has-post-thumbnail hentry category-unkategorisiert\">\n                    <div class=\"jkit-thumb\"><a aria-label=\"Permanent ombre Augenbrauen\" href=\"https:\/\/permanentny-anastazja.pl\/de\/permanent-ombre-augenbrauen\/\"><div class=\"thumbnail-container \">\n            <img loading=\"lazy\" decoding=\"async\" width=\"1024\" height=\"598\" src=\"https:\/\/permanentny-anastazja.pl\/wp-content\/uploads\/2022\/01\/IMG-20210623-WA0009-1024x598.jpg\" class=\"attachment-large size-large wp-post-image\" alt=\"\" loading=\"lazy\" srcset=\"https:\/\/permanentny-anastazja.pl\/wp-content\/uploads\/2022\/01\/IMG-20210623-WA0009-1024x598.jpg 1024w, https:\/\/permanentny-anastazja.pl\/wp-content\/uploads\/2022\/01\/IMG-20210623-WA0009-300x175.jpg 300w, https:\/\/permanentny-anastazja.pl\/wp-content\/uploads\/2022\/01\/IMG-20210623-WA0009-768x449.jpg 768w, https:\/\/permanentny-anastazja.pl\/wp-content\/uploads\/2022\/01\/IMG-20210623-WA0009-1536x898.jpg 1536w, https:\/\/permanentny-anastazja.pl\/wp-content\/uploads\/2022\/01\/IMG-20210623-WA0009.jpg 1600w\" sizes=\"auto, (max-width: 1024px) 100vw, 1024px\" title=\"\">\n        <\/div><\/a><\/div>\n                    <div class=\"jkit-postblock-content\"><h3 class=\"jkit-post-title\">\n\t\t\t\t\t\t\t<a href=\"https:\/\/permanentny-anastazja.pl\/de\/permanent-ombre-augenbrauen\/\">Permanent ombre Augenbrauen<\/a>\n\t\t\t\t\t\t<\/h3><div class=\"jkit-post-meta\"><div class=\"jkit-meta-date icon-position-before\"><i aria-hidden=\"true\" class=\"fas fa-clock\"><\/i>16 Januar 2022<\/div><\/div><div class=\"jkit-post-excerpt\"><p>Ombre Augenbrauen sind die am h\u00e4ufigsten gew\u00e4hlte Permanent-Make-up-Technik. Es sorgt f\u00fcr ein sehr nat\u00fcrliches und zartes Aussehen der Augenbrauen f\u00fcr...<\/p><\/div><div class=\"jkit-post-meta-bottom\">\n\t\t\t\t\t\t\t<div class=\"jkit-meta-readmore icon-position-after\">\n                <a title=\"Permanent ombre Augenbrauen\" href=\"https:\/\/permanentny-anastazja.pl\/de\/permanent-ombre-augenbrauen\/\" class=\"jkit-readmore\">CZYTAJ WI\u0118CEJ<i aria-hidden=\"true\" class=\"fas fa-arrow-right\"><\/i><\/a>\n            <\/div>\n\t\t\t\t\t\t<\/div><\/div>\n                <\/article><article class=\"jkit-post post-15449 post type-post status-publish format-standard has-post-thumbnail hentry category-unkategorisiert\">\n                    <div class=\"jkit-thumb\"><a aria-label=\"Alles, was Sie \u00fcber die erste Korrektur nach einem permanenten Augenbrauen-Make-up wissen m\u00fcssen\" href=\"https:\/\/permanentny-anastazja.pl\/de\/alles-was-sie-ueber-die-erste-korrektur-nach-einem-permanenten-augenbrauen-make-up-wissen-muessen\/\"><div class=\"thumbnail-container \">\n            <img loading=\"lazy\" decoding=\"async\" width=\"548\" height=\"984\" src=\"https:\/\/permanentny-anastazja.pl\/wp-content\/uploads\/2021\/08\/gojenie-brwi-makijaz-permanetny.jpg\" class=\"attachment-large size-large wp-post-image\" alt=\"\" loading=\"lazy\" srcset=\"https:\/\/permanentny-anastazja.pl\/wp-content\/uploads\/2021\/08\/gojenie-brwi-makijaz-permanetny.jpg 548w, https:\/\/permanentny-anastazja.pl\/wp-content\/uploads\/2021\/08\/gojenie-brwi-makijaz-permanetny-167x300.jpg 167w\" sizes=\"auto, (max-width: 548px) 100vw, 548px\" title=\"\">\n        <\/div><\/a><\/div>\n                    <div class=\"jkit-postblock-content\"><h3 class=\"jkit-post-title\">\n\t\t\t\t\t\t\t<a href=\"https:\/\/permanentny-anastazja.pl\/de\/alles-was-sie-ueber-die-erste-korrektur-nach-einem-permanenten-augenbrauen-make-up-wissen-muessen\/\">Alles, was Sie \u00fcber die erste Korrektur nach einem permanenten Augenbrauen-Make-up wissen m\u00fcssen<\/a>\n\t\t\t\t\t\t<\/h3><div class=\"jkit-post-meta\"><div class=\"jkit-meta-date icon-position-before\"><i aria-hidden=\"true\" class=\"fas fa-clock\"><\/i>4 September 2021<\/div><\/div><div class=\"jkit-post-excerpt\"><p>Zweifellos sind die Augenbrauen ein \u00e4u\u00dferst wichtiges Element, das f\u00fcr die \u00c4sthetik des Gesichts verantwortlich ist - ihre Form, Gr\u00f6\u00dfe...<\/p><\/div><div class=\"jkit-post-meta-bottom\">\n\t\t\t\t\t\t\t<div class=\"jkit-meta-readmore icon-position-after\">\n                <a title=\"Alles, was Sie \u00fcber die erste Korrektur nach einem permanenten Augenbrauen-Make-up wissen m\u00fcssen\" href=\"https:\/\/permanentny-anastazja.pl\/de\/alles-was-sie-ueber-die-erste-korrektur-nach-einem-permanenten-augenbrauen-make-up-wissen-muessen\/\" class=\"jkit-readmore\">CZYTAJ WI\u0118CEJ<i aria-hidden=\"true\" class=\"fas fa-arrow-right\"><\/i><\/a>\n            <\/div>\n\t\t\t\t\t\t<\/div><\/div>\n                <\/article><article class=\"jkit-post post-15325 post type-post status-publish format-standard has-post-thumbnail hentry category-unkategorisiert\">\n                    <div class=\"jkit-thumb\"><a aria-label=\"Wie pflegt man das permanente Augenbrauen-Make-up nach dem Eingriff?\" href=\"https:\/\/permanentny-anastazja.pl\/de\/wie-pflegt-man-das-permanente-augenbrauen-make-up-nach-dem-eingriff\/\"><div class=\"thumbnail-container \">\n            <img loading=\"lazy\" decoding=\"async\" width=\"1024\" height=\"1024\" src=\"https:\/\/permanentny-anastazja.pl\/wp-content\/uploads\/2021\/09\/IMG-20210623-WA0009-1024x1024.jpg\" class=\"attachment-large size-large wp-post-image\" alt=\"\" loading=\"lazy\" srcset=\"https:\/\/permanentny-anastazja.pl\/wp-content\/uploads\/2021\/09\/IMG-20210623-WA0009-1024x1024.jpg 1024w, https:\/\/permanentny-anastazja.pl\/wp-content\/uploads\/2021\/09\/IMG-20210623-WA0009-300x300.jpg 300w, https:\/\/permanentny-anastazja.pl\/wp-content\/uploads\/2021\/09\/IMG-20210623-WA0009-150x150.jpg 150w, https:\/\/permanentny-anastazja.pl\/wp-content\/uploads\/2021\/09\/IMG-20210623-WA0009-768x768.jpg 768w, https:\/\/permanentny-anastazja.pl\/wp-content\/uploads\/2021\/09\/IMG-20210623-WA0009-1536x1536.jpg 1536w, https:\/\/permanentny-anastazja.pl\/wp-content\/uploads\/2021\/09\/IMG-20210623-WA0009-550x550.jpg 550w, https:\/\/permanentny-anastazja.pl\/wp-content\/uploads\/2021\/09\/IMG-20210623-WA0009-1100x1100.jpg 1100w, https:\/\/permanentny-anastazja.pl\/wp-content\/uploads\/2021\/09\/IMG-20210623-WA0009.jpg 1600w\" sizes=\"auto, (max-width: 1024px) 100vw, 1024px\" title=\"\">\n        <\/div><\/a><\/div>\n                    <div class=\"jkit-postblock-content\"><h3 class=\"jkit-post-title\">\n\t\t\t\t\t\t\t<a href=\"https:\/\/permanentny-anastazja.pl\/de\/wie-pflegt-man-das-permanente-augenbrauen-make-up-nach-dem-eingriff\/\">Wie pflegt man das permanente Augenbrauen-Make-up nach dem Eingriff?<\/a>\n\t\t\t\t\t\t<\/h3><div class=\"jkit-post-meta\"><div class=\"jkit-meta-date icon-position-before\"><i aria-hidden=\"true\" class=\"fas fa-clock\"><\/i>1 September 2021<\/div><\/div><div class=\"jkit-post-excerpt\"><p>Permanentes Augenbrauen-Make-up ist eine Art von T\u00e4towierung, die den nat\u00fcrlichen Bogen der Augenbraue nachahmt. Bei richtiger Pflege ist seine Wirkung...<\/p><\/div><div class=\"jkit-post-meta-bottom\">\n\t\t\t\t\t\t\t<div class=\"jkit-meta-readmore icon-position-after\">\n                <a title=\"Wie pflegt man das permanente Augenbrauen-Make-up nach dem Eingriff?\" href=\"https:\/\/permanentny-anastazja.pl\/de\/wie-pflegt-man-das-permanente-augenbrauen-make-up-nach-dem-eingriff\/\" class=\"jkit-readmore\">CZYTAJ WI\u0118CEJ<i aria-hidden=\"true\" class=\"fas fa-arrow-right\"><\/i><\/a>\n            <\/div>\n\t\t\t\t\t\t<\/div><\/div>\n                <\/article><article class=\"jkit-post post-15491 post type-post status-publish format-standard has-post-thumbnail hentry category-unkategorisiert\">\n                    <div class=\"jkit-thumb\"><a aria-label=\"Abheilung von Augenbrauen nach Permanent Make-up\" href=\"https:\/\/permanentny-anastazja.pl\/de\/abheilung-von-augenbrauen-nach-permanent-make-up\/\"><div class=\"thumbnail-container \">\n            <img loading=\"lazy\" decoding=\"async\" width=\"827\" height=\"1024\" src=\"https:\/\/permanentny-anastazja.pl\/wp-content\/uploads\/2023\/10\/BRWI-2-827x1024.jpg\" class=\"attachment-large size-large wp-post-image\" alt=\"\" loading=\"lazy\" srcset=\"https:\/\/permanentny-anastazja.pl\/wp-content\/uploads\/2023\/10\/BRWI-2-827x1024.jpg 827w, https:\/\/permanentny-anastazja.pl\/wp-content\/uploads\/2023\/10\/BRWI-2-242x300.jpg 242w, https:\/\/permanentny-anastazja.pl\/wp-content\/uploads\/2023\/10\/BRWI-2-768x951.jpg 768w, https:\/\/permanentny-anastazja.pl\/wp-content\/uploads\/2023\/10\/BRWI-2-1240x1536.jpg 1240w, https:\/\/permanentny-anastazja.pl\/wp-content\/uploads\/2023\/10\/BRWI-2.jpg 1284w\" sizes=\"auto, (max-width: 827px) 100vw, 827px\" title=\"\">\n        <\/div><\/a><\/div>\n                    <div class=\"jkit-postblock-content\"><h3 class=\"jkit-post-title\">\n\t\t\t\t\t\t\t<a href=\"https:\/\/permanentny-anastazja.pl\/de\/abheilung-von-augenbrauen-nach-permanent-make-up\/\">Abheilung von Augenbrauen nach Permanent Make-up<\/a>\n\t\t\t\t\t\t<\/h3><div class=\"jkit-post-meta\"><div class=\"jkit-meta-date icon-position-before\"><i aria-hidden=\"true\" class=\"fas fa-clock\"><\/i>30 August 2021<\/div><\/div><div class=\"jkit-post-excerpt\"><p>Permanentes Augenbrauen-Make-up erfreut sich seit vielen Jahren anhaltender Beliebtheit. Es ist n\u00fctzlich zu wissen, wie Sie Ihre Augenbrauen nach dem...<\/p><\/div><div class=\"jkit-post-meta-bottom\">\n\t\t\t\t\t\t\t<div class=\"jkit-meta-readmore icon-position-after\">\n                <a title=\"Abheilung von Augenbrauen nach Permanent Make-up\" href=\"https:\/\/permanentny-anastazja.pl\/de\/abheilung-von-augenbrauen-nach-permanent-make-up\/\" class=\"jkit-readmore\">CZYTAJ WI\u0118CEJ<i aria-hidden=\"true\" class=\"fas fa-arrow-right\"><\/i><\/a>\n            <\/div>\n\t\t\t\t\t\t<\/div><\/div>\n                <\/article><article class=\"jkit-post post-15296 post type-post status-publish format-standard hentry category-unkategorisiert\">\n                    <div class=\"jkit-thumb\"><a aria-label=\"Abheilung der Lippen nach Permanent Make-up\" href=\"https:\/\/permanentny-anastazja.pl\/de\/abheilung-der-lippen-nach-permanent-make-up\/\"><div class=\"thumbnail-container no_thumbnail\">\n            \n        <\/div><\/a><\/div>\n                    <div class=\"jkit-postblock-content\"><h3 class=\"jkit-post-title\">\n\t\t\t\t\t\t\t<a href=\"https:\/\/permanentny-anastazja.pl\/de\/abheilung-der-lippen-nach-permanent-make-up\/\">Abheilung der Lippen nach Permanent Make-up<\/a>\n\t\t\t\t\t\t<\/h3><div class=\"jkit-post-meta\"><div class=\"jkit-meta-date icon-position-before\"><i aria-hidden=\"true\" class=\"fas fa-clock\"><\/i>28 August 2021<\/div><\/div><div class=\"jkit-post-excerpt\"><p>wie die Lippen nach einem permanenten Lippen-Make-up abheilen die Asymmetrie der Lippen auszugleichen, sie sanft vergr\u00f6\u00dfern, die Lippen leicht zu...<\/p><\/div><div class=\"jkit-post-meta-bottom\">\n\t\t\t\t\t\t\t<div class=\"jkit-meta-readmore icon-position-after\">\n                <a title=\"Abheilung der Lippen nach Permanent Make-up\" href=\"https:\/\/permanentny-anastazja.pl\/de\/abheilung-der-lippen-nach-permanent-make-up\/\" class=\"jkit-readmore\">CZYTAJ WI\u0118CEJ<i aria-hidden=\"true\" class=\"fas fa-arrow-right\"><\/i><\/a>\n            <\/div>\n\t\t\t\t\t\t<\/div><\/div>\n                <\/article>\n        <\/div><\/div><\/div>\t\t\t\t<\/div>\n\t\t\t\t<\/div>\n\t\t\t\t\t<\/div>\n\t\t<\/div>\n\t\t\t\t\t<\/div>\n\t\t<\/section>\n\t\t\t\t<\/div>\n\t\t","protected":false},"excerpt":{"rendered":"<p>Blog No Content Available<\/p>\n","protected":false},"author":1,"featured_media":0,"parent":0,"menu_order":0,"comment_status":"closed","ping_status":"closed","template":"","meta":{"_angie_page":false,"footnotes":""},"class_list":["post-15324","page","type-page","status-publish","hentry"],"_links":{"self":[{"href":"https:\/\/permanentny-anastazja.pl\/de\/wp-json\/wp\/v2\/pages\/15324","targetHints":{"allow":["GET"]}}],"collection":[{"href":"https:\/\/permanentny-anastazja.pl\/de\/wp-json\/wp\/v2\/pages"}],"about":[{"href":"https:\/\/permanentny-anastazja.pl\/de\/wp-json\/wp\/v2\/types\/page"}],"author":[{"embeddable":true,"href":"https:\/\/permanentny-anastazja.pl\/de\/wp-json\/wp\/v2\/users\/1"}],"replies":[{"embeddable":true,"href":"https:\/\/permanentny-anastazja.pl\/de\/wp-json\/wp\/v2\/comments?post=15324"}],"version-history":[{"count":0,"href":"https:\/\/permanentny-anastazja.pl\/de\/wp-json\/wp\/v2\/pages\/15324\/revisions"}],"wp:attachment":[{"href":"https:\/\/permanentny-anastazja.pl\/de\/wp-json\/wp\/v2\/media?parent=15324"}],"curies":[{"name":"wp","href":"https:\/\/api.w.org\/{rel}","templated":true}]}}