{"id":15366,"date":"2021-09-27T14:15:43","date_gmt":"2021-09-27T12:15:43","guid":{"rendered":"https:\/\/permanentny-anastazja.pl\/teilzahlungsleistungen\/"},"modified":"2024-02-27T22:01:26","modified_gmt":"2024-02-27T21:01:26","slug":"teilzahlungsleistungen","status":"publish","type":"page","link":"https:\/\/permanentny-anastazja.pl\/de\/teilzahlungsleistungen\/","title":{"rendered":"Teilzahlungsleistungen"},"content":{"rendered":"\t\t<div data-elementor-type=\"wp-page\" data-elementor-id=\"15366\" class=\"elementor elementor-15366 elementor-7912\" data-elementor-post-type=\"page\">\n\t\t\t\t\t\t<section class=\"elementor-section elementor-top-section elementor-element elementor-element-dec33a4 mkdf-elementor-row-grid-section elementor-section-stretched elementor-section-boxed elementor-section-height-default elementor-section-height-default mkdf-parallax-row-no mkdf-content-aligment-left mkdf-disabled-bg-image-bellow-no\" data-id=\"dec33a4\" data-element_type=\"section\" data-settings=\"{&quot;background_background&quot;:&quot;gradient&quot;,&quot;stretch_section&quot;:&quot;section-stretched&quot;}\">\n\t\t\t\t\t\t<div class=\"elementor-container elementor-column-gap-default\">\n\t\t\t\t\t<div class=\"elementor-column elementor-col-50 elementor-top-column elementor-element elementor-element-cb8feb0\" data-id=\"cb8feb0\" data-element_type=\"column\">\n\t\t\t<div class=\"elementor-widget-wrap elementor-element-populated\">\n\t\t\t\t\t\t<div class=\"elementor-element elementor-element-fe6abe2 elementor-widget elementor-widget-image\" data-id=\"fe6abe2\" data-element_type=\"widget\" data-widget_type=\"image.default\">\n\t\t\t\t<div class=\"elementor-widget-container\">\n\t\t\t\t\t\t\t\t\t\t\t\t\t\t\t<img decoding=\"async\" width=\"282\" height=\"173\" src=\"https:\/\/permanentny-anastazja.pl\/wp-content\/uploads\/2021\/08\/medi-raty-png.png\" class=\"attachment-medium_large size-medium_large wp-image-12886\" alt=\"\" title=\"\">\t\t\t\t\t\t\t\t\t\t\t\t\t\t\t<\/div>\n\t\t\t\t<\/div>\n\t\t\t\t\t<\/div>\n\t\t<\/div>\n\t\t\t\t<div class=\"elementor-column elementor-col-50 elementor-top-column elementor-element elementor-element-3b435a8\" data-id=\"3b435a8\" data-element_type=\"column\">\n\t\t\t<div class=\"elementor-widget-wrap elementor-element-populated\">\n\t\t\t\t\t\t<section class=\"elementor-section elementor-inner-section elementor-element elementor-element-8f60d22 elementor-section-boxed elementor-section-height-default elementor-section-height-default mkdf-parallax-row-no mkdf-content-aligment-left mkdf-elementor-row-grid-no mkdf-disabled-bg-image-bellow-no\" data-id=\"8f60d22\" data-element_type=\"section\">\n\t\t\t\t\t\t<div class=\"elementor-container elementor-column-gap-default\">\n\t\t\t\t\t<div class=\"elementor-column elementor-col-100 elementor-inner-column elementor-element elementor-element-824ba14\" data-id=\"824ba14\" data-element_type=\"column\">\n\t\t\t<div class=\"elementor-widget-wrap elementor-element-populated\">\n\t\t\t\t\t\t<div class=\"elementor-element elementor-element-8322ce9 elementor-widget elementor-widget-heading\" data-id=\"8322ce9\" data-element_type=\"widget\" data-widget_type=\"heading.default\">\n\t\t\t\t<div class=\"elementor-widget-container\">\n\t\t\t\t\t<h3 class=\"elementor-heading-title elementor-size-default\">Verwirkliche deine Tr\u00e4ume!<\/h3>\t\t\t\t<\/div>\n\t\t\t\t<\/div>\n\t\t\t\t<div class=\"elementor-element elementor-element-77046eb elementor-widget elementor-widget-text-editor\" data-id=\"77046eb\" data-element_type=\"widget\" data-widget_type=\"text-editor.default\">\n\t\t\t\t<div class=\"elementor-widget-container\">\n\t\t\t\t\t\t\t\t\t<p>Mit MediRats k\u00f6nnen Sie <strong>eine einmalige<\/strong> finanzielle <strong>Belastung vermeiden<\/strong> <\/p>\n\t\t\t\t\t\t\t\t<\/div>\n\t\t\t\t<\/div>\n\t\t\t\t\t<\/div>\n\t\t<\/div>\n\t\t\t\t\t<\/div>\n\t\t<\/section>\n\t\t\t\t<div class=\"elementor-element elementor-element-ae3e762 elementor-widget elementor-widget-text-editor\" data-id=\"ae3e762\" data-element_type=\"widget\" data-widget_type=\"text-editor.default\">\n\t\t\t\t<div class=\"elementor-widget-container\">\n\t\t\t\t\t\t\t\t\t<ul>\n<li><strong>Von \u00a3100 bis \u00a35.000<\/strong><\/li>\n<\/ul>\n<p>Wir pr\u00fcfen nur KRD ohne Bonit\u00e4tspr\u00fcfung. <strong>Keine<\/strong> Formalit\u00e4ten, <strong>kein<\/strong> nachgewiesenes Einkommen.<\/p>\n<ul>\n<li><strong>Von 5.000 PLN bis 10.000 PLN<\/strong><\/li>\n<\/ul>\n<p>Wir pr\u00fcfen KRD und BIK ohne Bonit\u00e4tspr\u00fcfung. <strong>Keine<\/strong> Formalit\u00e4ten <strong>ohne<\/strong> Verdienstnachweis.<\/p>\n\t\t\t\t\t\t\t\t<\/div>\n\t\t\t\t<\/div>\n\t\t\t\t\t<\/div>\n\t\t<\/div>\n\t\t\t\t\t<\/div>\n\t\t<\/section>\n\t\t\t\t<section class=\"elementor-section elementor-top-section elementor-element elementor-element-978bfa5 elementor-section-boxed elementor-section-height-default elementor-section-height-default mkdf-parallax-row-no mkdf-content-aligment-left mkdf-elementor-row-grid-no mkdf-disabled-bg-image-bellow-no\" data-id=\"978bfa5\" data-element_type=\"section\">\n\t\t\t\t\t\t<div class=\"elementor-container elementor-column-gap-default\">\n\t\t\t\t\t<div class=\"elementor-column elementor-col-100 elementor-top-column elementor-element elementor-element-946cc9e\" data-id=\"946cc9e\" data-element_type=\"column\">\n\t\t\t<div class=\"elementor-widget-wrap elementor-element-populated\">\n\t\t\t\t\t\t<div class=\"elementor-element elementor-element-9b6b1fd elementor-widget elementor-widget-text-editor\" data-id=\"9b6b1fd\" data-element_type=\"widget\" data-widget_type=\"text-editor.default\">\n\t\t\t\t<div class=\"elementor-widget-container\">\n\t\t\t\t\t\t\t\t\t<div class=\"wpb_text_column wpb_content_element \">\n<div class=\"wpb_wrapper\">\n<h2><strong>Wir bieten Ihnen 2 bequeme M\u00f6glichkeiten, die Kosten f\u00fcr Ihren Eingriff\/Ihre Behandlung in kleinen Raten zu bezahlen.<\/strong><\/h2>\n<ul class=\"mt-3\">\n<li>Von \u00a3100 bis \u00a35.000. PLN &#8211;<strong> nach dem Besuch<\/strong>, nach dem Prinzip &#8222;jetzt kaufen, sp\u00e4ter bezahlen&#8220;, alles was Sie brauchen ist ein Smartphone (Bezahlung nur in einigen Gesch\u00e4ften m\u00f6glich)<\/li>\n<li>Von \u00a3500 bis \u00a350.000. PLN <strong>nach telefonischer Qualifizierung<\/strong> mit Best\u00e4tigung der Kreditw\u00fcrdigkeit (dies dauert in der Regel ca. 4 Minuten): direkt vor Ort.<\/li>\n<\/ul>\n<\/div>\n<\/div>\n<div class=\"wpb_text_column wpb_content_element \">\n<div class=\"wpb_wrapper\">\n<h2><strong>Wie funktioniert das Finanzierungs- und Ratenzahlungssystem MediRaty?<\/strong><\/h2>\n<\/div>\n<\/div>\n<div class=\"vc_row wpb_row vc_inner vc_row-fluid\">\n<div class=\"wpb_column vc_column_container vc_col-sm-3\">\n<div class=\"vc_column-inner \">\n<div class=\"wpb_wrapper\">\n<div class=\"wpb_single_image wpb_content_element vc_align_left\">\n<figure class=\"wpb_wrapper vc_figure\">\n<div class=\"vc_single_image-wrapper vc_box_border_grey\"><img decoding=\"async\" class=\"vc_single_image-img attachment-full\" src=\"https:\/\/www.mediraty.pl\/wp-content\/uploads\/2014\/11\/kredyt_2.png\" alt=\"\" width=\"150\" height=\"150\" title=\"\"><\/div>\n<\/figure>\n<\/div>\n<\/div>\n<\/div>\n<\/div>\n<div class=\"wpb_column vc_column_container vc_col-sm-9\">\n<div class=\"vc_column-inner \">\n<div class=\"wpb_wrapper\">\n<div class=\"wpb_text_column wpb_content_element \">\n<div class=\"wpb_wrapper\">\n<p><strong>Kreditw\u00fcrdigkeit.<\/strong><\/p>\n<p>F\u00fcr den Patienten oder die Person, die sich gegen\u00fcber dem Patienten (z.B. Elternteil gegen\u00fcber Kind) oder dem Tier verpflichtet, ist die Kreditw\u00fcrdigkeit eine wesentliche Voraussetzung f\u00fcr die Nutzung der MediRata-Finanzierung.<\/p>\n<\/div>\n<\/div>\n<\/div>\n<\/div>\n<\/div>\n<\/div>\n<div class=\"vc_row wpb_row vc_inner vc_row-fluid\">\n<div class=\"wpb_column vc_column_container vc_col-sm-3\">\n<div class=\"vc_column-inner \">\n<div class=\"wpb_wrapper\">\n<div class=\"wpb_single_image wpb_content_element vc_align_left\">\n<figure class=\"wpb_wrapper vc_figure\">\n<div class=\"vc_single_image-wrapper vc_box_border_grey\"><img decoding=\"async\" class=\"vc_single_image-img attachment-full\" src=\"https:\/\/www.mediraty.pl\/wp-content\/uploads\/2014\/11\/zagar_4min.png\" alt=\"\" width=\"150\" height=\"150\" title=\"\"><\/div>\n<\/figure>\n<\/div>\n<\/div>\n<\/div>\n<\/div>\n<div class=\"wpb_column vc_column_container vc_col-sm-9\">\n<div class=\"vc_column-inner \">\n<div class=\"wpb_wrapper\">\n<div class=\"wpb_text_column wpb_content_element \">\n<div class=\"wpb_wrapper\">\n<p><strong>Formalit\u00e4ten in 4 Minuten.<\/strong><\/p>\n<p>Die Best\u00e4tigung der Kreditw\u00fcrdigkeit f\u00fcr medizinische Leistungen mit MediRata ist einfach und dauert nur<strong> <\/strong> 4<strong>Minuten<\/strong>.<\/p>\n<\/div>\n<\/div>\n<\/div>\n<\/div>\n<\/div>\n<\/div>\n<div class=\"vc_row wpb_row vc_inner vc_row-fluid\">\n<div class=\"wpb_column vc_column_container vc_col-sm-3\">\n<div class=\"vc_column-inner \">\n<div class=\"wpb_wrapper\">\n<div class=\"wpb_single_image wpb_content_element vc_align_left\">\n<figure class=\"wpb_wrapper vc_figure\">\n<div class=\"vc_single_image-wrapper vc_box_border_grey\"><img loading=\"lazy\" decoding=\"async\" class=\"vc_single_image-img attachment-full\" src=\"https:\/\/www.mediraty.pl\/wp-content\/uploads\/2014\/11\/krzyzyk.png\" alt=\"Kreuz\" width=\"150\" height=\"150\" title=\"\"><\/div>\n<\/figure>\n<\/div>\n<\/div>\n<\/div>\n<\/div>\n<div class=\"wpb_column vc_column_container vc_col-sm-9\">\n<div class=\"vc_column-inner \">\n<div class=\"wpb_wrapper\">\n<div class=\"wpb_text_column wpb_content_element \">\n<div class=\"wpb_wrapper\">\n<p><strong>Erleichterter Zugang zu Privatkliniken im ganzen Land.<\/strong><\/p>\n<p>Eine gute Kredithistorie und ein regelm\u00e4\u00dfiges Einkommen bieten gro\u00dfe Chancen f\u00fcr private Gesundheits- und Sch\u00f6nheitskliniken.<\/p>\n<\/div>\n<\/div>\n<\/div>\n<p><a href=\"https:\/\/www.mediraty.pl\/jak-to-dziala\/\" target=\"_blank\" rel=\"noopener\"><strong>Alle detaillierten Informationen finden Sie HIER<\/strong><\/a><\/p>\n<\/div>\n<\/div>\n<\/div>\n\t\t\t\t\t\t\t\t<\/div>\n\t\t\t\t<\/div>\n\t\t\t\t\t<\/div>\n\t\t<\/div>\n\t\t\t\t\t<\/div>\n\t\t<\/section>\n\t\t\t\t<section class=\"elementor-section elementor-top-section elementor-element elementor-element-d34fa73 mkdf-elementor-row-grid-section mkdf-parallax-row-holder elementor-section-full_width elementor-section-stretched elementor-section-height-min-height elementor-section-content-middle elementor-section-height-default elementor-section-items-middle mkdf-content-aligment-left mkdf-disabled-bg-image-bellow-no\" data-id=\"d34fa73\" data-element_type=\"section\" data-settings=\"{&quot;background_background&quot;:&quot;classic&quot;,&quot;mikado_parallax_image&quot;:{&quot;url&quot;:&quot;&quot;,&quot;id&quot;:&quot;&quot;,&quot;size&quot;:&quot;&quot;,&quot;alt&quot;:&quot;&quot;,&quot;source&quot;:&quot;library&quot;},&quot;stretch_section&quot;:&quot;section-stretched&quot;}\">\n\t\t\t\t\t\t\t<div class=\"elementor-background-overlay\"><\/div>\n\t\t\t\t\t\t\t<div class=\"elementor-container elementor-column-gap-default\">\n\t\t\t\t\t<div class=\"elementor-column elementor-col-50 elementor-top-column elementor-element elementor-element-315e7e8\" data-id=\"315e7e8\" data-element_type=\"column\">\n\t\t\t<div class=\"elementor-widget-wrap elementor-element-populated\">\n\t\t\t\t\t\t<div class=\"elementor-element elementor-element-0d2e77d elementor-widget elementor-widget-image\" data-id=\"0d2e77d\" data-element_type=\"widget\" data-widget_type=\"image.default\">\n\t\t\t\t<div class=\"elementor-widget-container\">\n\t\t\t\t\t\t\t\t\t\t\t\t\t\t\t\t<a href=\"https:\/\/permanentny-anastazja.pl\/de\/ueber-mich\/\">\n\t\t\t\t\t\t\t<img loading=\"lazy\" decoding=\"async\" width=\"444\" height=\"454\" src=\"https:\/\/permanentny-anastazja.pl\/wp-content\/uploads\/2021\/08\/0BCDF2D4-0914-4A6A-B12B-6071D3B054DB.jpeg\" class=\"attachment-large size-large wp-image-12890\" alt=\"\" srcset=\"https:\/\/permanentny-anastazja.pl\/wp-content\/uploads\/2021\/08\/0BCDF2D4-0914-4A6A-B12B-6071D3B054DB.jpeg 444w, https:\/\/permanentny-anastazja.pl\/wp-content\/uploads\/2021\/08\/0BCDF2D4-0914-4A6A-B12B-6071D3B054DB-293x300.jpeg 293w\" sizes=\"(max-width: 444px) 100vw, 444px\" title=\"\">\t\t\t\t\t\t\t\t<\/a>\n\t\t\t\t\t\t\t\t\t\t\t\t\t\t\t<\/div>\n\t\t\t\t<\/div>\n\t\t\t\t\t<\/div>\n\t\t<\/div>\n\t\t\t\t<div class=\"elementor-column elementor-col-50 elementor-top-column elementor-element elementor-element-6eb460a\" data-id=\"6eb460a\" data-element_type=\"column\">\n\t\t\t<div class=\"elementor-widget-wrap elementor-element-populated\">\n\t\t\t\t\t\t<div class=\"elementor-element elementor-element-c7fc694 elementor-widget elementor-widget-mkdf_info_section\" data-id=\"c7fc694\" data-element_type=\"widget\" data-widget_type=\"mkdf_info_section.default\">\n\t\t\t\t<div class=\"elementor-widget-container\">\n\t\t\t\t\t<div class=\"mkdf-info-section  mkdf-light mkdf-center\">\n\n            <var class=\"mkdf-is-background-text\" style=\"font-size:225px\" id=\"mkdf-is-background-text-933\" data-font-size=\"155\">\n        um\u00f3w        <\/var>\n    \n    <div class=\"mkdf-is-inner\" style=\"padding-top:112.5px;width:50%\">\n\n                    <h5 class=\"mkdf-is-subtitle\">\n            bezp\u0142atne            <\/h5>\n        \n                    <h3 class=\"mkdf-is-title\">\n            Konsultacje            <\/h3>\n        \n        \n                    <div class=\"mkdf-is-button\" >\n                <a itemprop=\"url\" href=\"https:\/\/permanentny-anastazja.pl\/o-mnie\/\" target=\"_self\" class=\"mkdf-btn mkdf-btn-medium mkdf-btn-simple\">    <span class=\"mkdf-btn-text\"><\/span>    <\/a>            <\/div>\n        \n    <\/div>\n<\/div>\t\t\t\t<\/div>\n\t\t\t\t<\/div>\n\t\t\t\t<div class=\"elementor-element elementor-element-8556f65 elementor-shape-circle elementor-grid-0 e-grid-align-center elementor-widget elementor-widget-social-icons\" data-id=\"8556f65\" data-element_type=\"widget\" data-widget_type=\"social-icons.default\">\n\t\t\t\t<div class=\"elementor-widget-container\">\n\t\t\t\t\t\t\t<div class=\"elementor-social-icons-wrapper elementor-grid\" role=\"list\">\n\t\t\t\t\t\t\t<span class=\"elementor-grid-item\" role=\"listitem\">\n\t\t\t\t\t<a class=\"elementor-icon elementor-social-icon elementor-social-icon-phone elementor-repeater-item-24b2845\" href=\"tel:+48573421635\" target=\"_blank\">\n\t\t\t\t\t\t<span class=\"elementor-screen-only\">Phone<\/span>\n\t\t\t\t\t\t<i class=\"fas fa-phone\"><\/i>\t\t\t\t\t<\/a>\n\t\t\t\t<\/span>\n\t\t\t\t\t\t\t<span class=\"elementor-grid-item\" role=\"listitem\">\n\t\t\t\t\t<a class=\"elementor-icon elementor-social-icon elementor-social-icon-facebook-messenger elementor-repeater-item-3008457\" href=\"https:\/\/m.me\/MakijazPermanentnyPRIVE\" target=\"_blank\">\n\t\t\t\t\t\t<span class=\"elementor-screen-only\">Facebook-messenger<\/span>\n\t\t\t\t\t\t<i class=\"fab fa-facebook-messenger\"><\/i>\t\t\t\t\t<\/a>\n\t\t\t\t<\/span>\n\t\t\t\t\t\t\t<span class=\"elementor-grid-item\" role=\"listitem\">\n\t\t\t\t\t<a class=\"elementor-icon elementor-social-icon elementor-social-icon-instagram elementor-repeater-item-56480c2\" href=\"https:\/\/www.instagram.com\/anastazja_prive_permanent\/\" target=\"_blank\" rel=\"noopener\">\n\t\t\t\t\t\t<span class=\"elementor-screen-only\">Instagram<\/span>\n\t\t\t\t\t\t<i class=\"fab fa-instagram\"><\/i>\t\t\t\t\t<\/a>\n\t\t\t\t<\/span>\n\t\t\t\t\t<\/div>\n\t\t\t\t\t\t<\/div>\n\t\t\t\t<\/div>\n\t\t\t\t<div class=\"elementor-element elementor-element-e8aa9d5 elementor-button-warning elementor-align-center elementor-widget elementor-widget-button\" data-id=\"e8aa9d5\" data-element_type=\"widget\" data-widget_type=\"button.default\">\n\t\t\t\t<div class=\"elementor-widget-container\">\n\t\t\t\t\t\t\t\t\t<div class=\"elementor-button-wrapper\">\n\t\t\t\t\t<a class=\"elementor-button elementor-button-link elementor-size-sm\" href=\"https:\/\/permanentny-anastazja.pl\/de\/ueber-mich\/\">\n\t\t\t\t\t\t<span class=\"elementor-button-content-wrapper\">\n\t\t\t\t\t\t\t\t\t<span class=\"elementor-button-text\">Jetzt einen Termin vereinbaren<\/span>\n\t\t\t\t\t<\/span>\n\t\t\t\t\t<\/a>\n\t\t\t\t<\/div>\n\t\t\t\t\t\t\t\t<\/div>\n\t\t\t\t<\/div>\n\t\t\t\t\t<\/div>\n\t\t<\/div>\n\t\t\t\t\t<\/div>\n\t\t<\/section>\n\t\t\t\t<\/div>\n\t\t","protected":false},"excerpt":{"rendered":"<p>Verwirkliche deine Tr\u00e4ume! Mit MediRats k\u00f6nnen Sie eine einmalige finanzielle Belastung vermeiden Von \u00a3100 bis \u00a35.000 Wir pr\u00fcfen nur KRD ohne Bonit\u00e4tspr\u00fcfung. Keine Formalit\u00e4ten, kein nachgewiesenes Einkommen. Von 5.000 PLN bis 10.000 PLN Wir pr\u00fcfen KRD und BIK ohne Bonit\u00e4tspr\u00fcfung. [&hellip;]<\/p>\n","protected":false},"author":1,"featured_media":0,"parent":0,"menu_order":0,"comment_status":"closed","ping_status":"closed","template":"","meta":{"_angie_page":false,"footnotes":""},"class_list":["post-15366","page","type-page","status-publish","hentry"],"_links":{"self":[{"href":"https:\/\/permanentny-anastazja.pl\/de\/wp-json\/wp\/v2\/pages\/15366","targetHints":{"allow":["GET"]}}],"collection":[{"href":"https:\/\/permanentny-anastazja.pl\/de\/wp-json\/wp\/v2\/pages"}],"about":[{"href":"https:\/\/permanentny-anastazja.pl\/de\/wp-json\/wp\/v2\/types\/page"}],"author":[{"embeddable":true,"href":"https:\/\/permanentny-anastazja.pl\/de\/wp-json\/wp\/v2\/users\/1"}],"replies":[{"embeddable":true,"href":"https:\/\/permanentny-anastazja.pl\/de\/wp-json\/wp\/v2\/comments?post=15366"}],"version-history":[{"count":0,"href":"https:\/\/permanentny-anastazja.pl\/de\/wp-json\/wp\/v2\/pages\/15366\/revisions"}],"wp:attachment":[{"href":"https:\/\/permanentny-anastazja.pl\/de\/wp-json\/wp\/v2\/media?parent=15366"}],"curies":[{"name":"wp","href":"https:\/\/api.w.org\/{rel}","templated":true}]}}