{"id":17045,"date":"2025-02-08T15:45:51","date_gmt":"2025-02-08T14:45:51","guid":{"rendered":"https:\/\/permanentny-anastazja.pl\/online-gluecksspielwelt-wie-kann-man-verantwortungsvoll-und-effektiv-spielen\/"},"modified":"2025-02-08T15:47:19","modified_gmt":"2025-02-08T14:47:19","slug":"online-gluecksspielwelt-wie-kann-man-verantwortungsvoll-und-effektiv-spielen","status":"publish","type":"page","link":"https:\/\/permanentny-anastazja.pl\/de\/online-gluecksspielwelt-wie-kann-man-verantwortungsvoll-und-effektiv-spielen\/","title":{"rendered":"Online-Gl\u00fccksspielwelt: Wie kann man verantwortungsvoll und effektiv spielen?"},"content":{"rendered":"<p>Online-Gl\u00fccksspiele werden auf der ganzen Welt immer beliebter. Dank moderner Online-Plattformen k\u00f6nnen Spieler auf eine gro\u00dfe Auswahl an Spielautomaten, Tischspielen und Sportwetten zugreifen, ohne das Haus verlassen zu m\u00fcssen. Angesichts des rasanten Wachstums der Branche entscheiden sich immer mehr Menschen daf\u00fcr, ihr Gl\u00fcck in Online-Casinos zu versuchen. Um diese Erfahrung jedoch sowohl angenehm als auch sicher zu gestalten, ist es hilfreich, die Grundregeln des verantwortungsvollen Spielens und die Strategien zu kennen, die Ihre Gewinnchancen erh\u00f6hen k\u00f6nnen.   <\/p>\n<p>Warum sind Online-Casinos so beliebt?<br \/>\nOnline-Casinos bieten den Spielern nicht nur Bequemlichkeit, sondern auch eine gro\u00dfe Auswahl an Spielen, Boni und Werbeaktionen. Im Gegensatz zu traditionellen landbasierten Casinos sind Online-Plattformen rund um die Uhr verf\u00fcgbar, so dass Sie zu jeder Tages- und Nachtzeit spielen k\u00f6nnen. Au\u00dferdem hat die Entwicklung der mobilen Technologie dazu gef\u00fchrt, dass die meisten Online-Casinos \u00fcber spezielle Apps verf\u00fcgen, mit denen Sie auf Smartphones und Tablets spielen k\u00f6nnen.  <\/p>\n<p>Ein weiterer Faktor, der zur wachsenden Beliebtheit des Online-Gl\u00fccksspiels beigetragen hat, ist die gro\u00dfe Auswahl an Bonusangeboten. Spieler k\u00f6nnen Willkommensboni, Freispiele, Treueprogramme und Cashback-Aktionen in Anspruch nehmen, um das Spiel zu verl\u00e4ngern und die Gewinnchancen zu erh\u00f6hen. <\/p>\n<p>Beliebteste Online-Casinospiele Online-Casinos bieten eine Vielzahl von Spielen, die sowohl f\u00fcr Anf\u00e4nger als auch f\u00fcr erfahrene Spieler attraktiv sind. Zu den beliebtesten Angeboten geh\u00f6ren: <\/p>\n<p>Online-Spielautomaten (Slots) &#8211; zeichnen sich durch einfache Mechanik und dynamisches Gameplay aus. Einige von ihnen bieten progressive Jackpots, die Millionen von Dollar erreichen k\u00f6nnen.<br \/>\nRoulette &#8211; ein klassisches Casinospiel, bei dem die Spieler auf das Ergebnis von Kugelw\u00fcrfen auf einem rotierenden Rouletterad setzen.<br \/>\nBlackjack &#8211; eines der beliebtesten Kartenspiele, bei dem es darum geht, ein Ergebnis zu erzielen, das so nah wie m\u00f6glich an der Zahl 21 liegt.<br \/>\nOnline-Poker &#8211; Varianten wie Texas Hold&#8217;em und Omaha ziehen Spieler auf der ganzen Welt an, sowohl in der Casino- als auch in der Turnierversion.<br \/>\nSportwetten &#8211; viele Spieler entscheiden sich daf\u00fcr, auf den Ausgang von Sportereignissen zu wetten, was das Verfolgen von Spielen und Wettbewerben noch spannender macht.<br \/>\nWie spielt man erfolgreich in Online Casinos?<br \/>\nUm Ihre Gewinnchancen zu erh\u00f6hen und unangenehme \u00dcberraschungen zu vermeiden, lohnt es sich, ein paar bew\u00e4hrte Strategien zu befolgen:<\/p>\n<p>Ihr Budget verwalten &#8211; legen Sie ein Spielbudget fest und \u00fcberschreiten Sie es nicht.<\/p>\n<p>Setzen Sie nie mehr, als Sie sich leisten k\u00f6nnen zu verlieren. Bonusse nutzen &#8211; Casino-Aktionen k\u00f6nnen Ihr Startkapital erheblich erh\u00f6hen, also behalten Sie die verf\u00fcgbaren Angebote im Auge. Das richtige Casino ausw\u00e4hlen &#8211; die \u00dcberpr\u00fcfung der Bewertungen anderer Spieler und der Lizenz des Casinos ist der Schl\u00fcssel zum sicheren Spielen. Beliebte Plattformen wie<strong><a href=\"https:\/\/ggbetcasino-pl.com\/\" target=\"_blank\" rel=\"noopener\">ggbet casino<\/a><\/strong><\/p>\n<p>Beliebte Plattformen wie ggbet casino haben einen guten Ruf und bieten zahlreiche Boni f\u00fcr neue und regelm\u00e4\u00dfige Spieler. Kennen Sie die Regeln der Spiele &#8211; bevor Sie spielen, sollten Sie sich mit den Regeln eines bestimmten Spiels vertraut machen und es im Demomodus \u00fcben. Kontrollieren Sie Ihre Emotionen &#8211; impulsives und emotionales Gl\u00fccksspiel kann zu schnellen Verlusten f\u00fchren.<\/p>\n<p>Wenn Sie ruhig bleiben und gut durchdachte Strategien anwenden, erh\u00f6hen Sie Ihre Erfolgschancen. Sind Online-Gl\u00fccksspiele sicher? Sicherheit ist ein wichtiger Aspekt in der Welt der Online-Gl\u00fccksspiele. Gute Online-Casinos sind von seri\u00f6sen Aufsichtsbeh\u00f6rden wie der Malta Gaming Authority oder der UK Gambling Commission lizenziert. Es ist eine gute Idee, nur Plattformen zu w\u00e4hlen, die Datenverschl\u00fcsselung verwenden und sichere Zahlungsmethoden anbieten.     <\/p>\n<p>Ein wichtiger Aspekt der Sicherheit ist auch der Schutz der Spieler vor Spielsucht. Viele Online-Casinos bieten Selbst\u00fcberwachungsinstrumente wie Einzahlungslimits, vor\u00fcbergehende Kontosperren und Tests zur Selbsteinsch\u00e4tzung des Risikos an. <\/p>\n<p>Die Zukunft des Online-Gl\u00fccksspiels Die Online-Gl\u00fccksspielbranche entwickelt sich rasant weiter, wobei neue Technologien eine wichtige Rolle bei der Gestaltung der Zukunft der Online-Casinos spielen. Zu den wichtigsten Trends geh\u00f6ren: <\/p>\n<p>VR-Casinos (Virtual Reality) &#8211; die VR-Technologie erm\u00f6glicht Spielern ein noch intensiveres Casino-Erlebnis, indem sie sie in realistische virtuelle Casinos versetzt. Blockchain und Kryptow\u00e4hrungen &#8211; immer mehr Online-Casinos akzeptieren Zahlungen in Kryptow\u00e4hrungen, die mehr Anonymit\u00e4t und Sicherheit f\u00fcr Transaktionen bieten.<\/p>\n<p>Entwicklungen im Bereich der k\u00fcnstlichen Intelligenz &#8211; KI kann dabei helfen, das Spielerverhalten zu analysieren, Angebote zu personalisieren und betr\u00fcgerische Praktiken aufzudecken. Zusammenfassung Online-Gl\u00fccksspiele bieten eine Menge Spannung und Gewinnm\u00f6glichkeiten, aber ein verantwortungsvoller Umgang mit dem Spiel ist der Schl\u00fcssel. Wenn Sie sich f\u00fcr ein seri\u00f6ses Casino wie ggbet casino entscheiden, k\u00f6nnen Sie sicher eine gro\u00dfe Auswahl an Spielen und Aktionen genie\u00dfen. Denken Sie daran, immer Ihr Budget zu kontrollieren, die verf\u00fcgbaren Strategien zu nutzen und impulsive Entscheidungen zu vermeiden. Die Welt der Online-Casinos hat viel zu bieten, aber das Wichtigste ist, dass Sie sie auf informierte und verantwortungsvolle Weise genie\u00dfen.   <\/p>\n","protected":false},"excerpt":{"rendered":"<p>Online-Gl\u00fccksspiele werden auf der ganzen Welt immer beliebter. Dank moderner Online-Plattformen k\u00f6nnen Spieler auf eine gro\u00dfe Auswahl an Spielautomaten, Tischspielen und Sportwetten zugreifen, ohne das Haus verlassen zu m\u00fcssen. Angesichts des rasanten Wachstums der Branche entscheiden sich immer mehr Menschen [&hellip;]<\/p>\n","protected":false},"author":2,"featured_media":0,"parent":0,"menu_order":0,"comment_status":"closed","ping_status":"closed","template":"","meta":{"_angie_page":false,"footnotes":""},"class_list":["post-17045","page","type-page","status-publish","hentry"],"_links":{"self":[{"href":"https:\/\/permanentny-anastazja.pl\/de\/wp-json\/wp\/v2\/pages\/17045","targetHints":{"allow":["GET"]}}],"collection":[{"href":"https:\/\/permanentny-anastazja.pl\/de\/wp-json\/wp\/v2\/pages"}],"about":[{"href":"https:\/\/permanentny-anastazja.pl\/de\/wp-json\/wp\/v2\/types\/page"}],"author":[{"embeddable":true,"href":"https:\/\/permanentny-anastazja.pl\/de\/wp-json\/wp\/v2\/users\/2"}],"replies":[{"embeddable":true,"href":"https:\/\/permanentny-anastazja.pl\/de\/wp-json\/wp\/v2\/comments?post=17045"}],"version-history":[{"count":0,"href":"https:\/\/permanentny-anastazja.pl\/de\/wp-json\/wp\/v2\/pages\/17045\/revisions"}],"wp:attachment":[{"href":"https:\/\/permanentny-anastazja.pl\/de\/wp-json\/wp\/v2\/media?parent=17045"}],"curies":[{"name":"wp","href":"https:\/\/api.w.org\/{rel}","templated":true}]}}