{"id":15269,"date":"2023-10-09T19:15:32","date_gmt":"2023-10-09T17:15:32","guid":{"rendered":"https:\/\/permanentny-anastazja.pl\/price-list\/"},"modified":"2024-02-27T22:01:14","modified_gmt":"2024-02-27T21:01:14","slug":"price-list","status":"publish","type":"page","link":"https:\/\/permanentny-anastazja.pl\/en\/price-list\/","title":{"rendered":"PRICE LIST"},"content":{"rendered":"\t\t<div data-elementor-type=\"wp-page\" data-elementor-id=\"15269\" class=\"elementor elementor-15269 elementor-9856\" data-elementor-post-type=\"page\">\n\t\t\t\t\t\t<section class=\"elementor-section elementor-top-section elementor-element elementor-element-9f529d7 elementor-section-boxed elementor-section-height-default elementor-section-height-default mkdf-parallax-row-no mkdf-content-aligment-left mkdf-elementor-row-grid-no mkdf-disabled-bg-image-bellow-no\" data-id=\"9f529d7\" data-element_type=\"section\">\n\t\t\t\t\t\t<div class=\"elementor-container elementor-column-gap-default\">\n\t\t\t\t\t<div class=\"elementor-column elementor-col-100 elementor-top-column elementor-element elementor-element-ca8fd8f\" data-id=\"ca8fd8f\" data-element_type=\"column\">\n\t\t\t<div class=\"elementor-widget-wrap elementor-element-populated\">\n\t\t\t\t\t\t<div class=\"elementor-element elementor-element-998a802 elementor-widget elementor-widget-heading\" data-id=\"998a802\" data-element_type=\"widget\" data-widget_type=\"heading.default\">\n\t\t\t\t<div class=\"elementor-widget-container\">\n\t\t\t\t\t<h2 class=\"elementor-heading-title elementor-size-default\">Price list<\/h2>\t\t\t\t<\/div>\n\t\t\t\t<\/div>\n\t\t\t\t\t<\/div>\n\t\t<\/div>\n\t\t\t\t\t<\/div>\n\t\t<\/section>\n\t\t\t\t<section class=\"elementor-section elementor-top-section elementor-element elementor-element-7cc9a3f elementor-section-boxed elementor-section-height-default elementor-section-height-default mkdf-parallax-row-no mkdf-content-aligment-left mkdf-elementor-row-grid-no mkdf-disabled-bg-image-bellow-no\" data-id=\"7cc9a3f\" data-element_type=\"section\">\n\t\t\t\t\t\t<div class=\"elementor-container elementor-column-gap-default\">\n\t\t\t\t\t<div class=\"elementor-column elementor-col-100 elementor-top-column elementor-element elementor-element-0b4ce91\" data-id=\"0b4ce91\" data-element_type=\"column\">\n\t\t\t<div class=\"elementor-widget-wrap elementor-element-populated\">\n\t\t\t\t\t\t<div class=\"elementor-element elementor-element-5b1f162 elementor-widget elementor-widget-accordion\" data-id=\"5b1f162\" data-element_type=\"widget\" data-widget_type=\"accordion.default\">\n\t\t\t\t<div class=\"elementor-widget-container\">\n\t\t\t\t\t\t\t<div class=\"elementor-accordion\">\n\t\t\t\t\t\t\t<div class=\"elementor-accordion-item\">\n\t\t\t\t\t<div id=\"elementor-tab-title-9551\" class=\"elementor-tab-title\" data-tab=\"1\" role=\"button\" aria-controls=\"elementor-tab-content-9551\" aria-expanded=\"false\">\n\t\t\t\t\t\t\t\t\t\t\t\t\t<span class=\"elementor-accordion-icon elementor-accordion-icon-right\" aria-hidden=\"true\">\n\t\t\t\t\t\t\t\t\t\t\t\t\t\t\t<span class=\"elementor-accordion-icon-closed\"><i class=\"fas fa-plus\"><\/i><\/span>\n\t\t\t\t\t\t\t\t<span class=\"elementor-accordion-icon-opened\"><i class=\"fas fa-minus\"><\/i><\/span>\n\t\t\t\t\t\t\t\t\t\t\t\t\t\t<\/span>\n\t\t\t\t\t\t\t\t\t\t\t\t<a class=\"elementor-accordion-title\" tabindex=\"0\">PRICE LIST OF PERMANENT LIP MAKEUP<\/a>\n\t\t\t\t\t<\/div>\n\t\t\t\t\t<div id=\"elementor-tab-content-9551\" class=\"elementor-tab-content elementor-clearfix\" data-tab=\"1\" role=\"region\" aria-labelledby=\"elementor-tab-title-9551\">            <div >\n                <table class=\"spbtbl-theme-style\" title=\"CENNIK MAKIJA\u017bU PERMANENTNEGO UST By Tanvir\" >\n                    <!-- Superb Tables Plugin -->\n                    <tr>\n                        <th style=\"font-size: 15px !important;\"  align=\"left\">RODZAJ<\/th><th style=\"font-size: 15px !important;\"  align=\"left\">CENA<\/th>\n                    <\/tr>\n                    <tr>                                <td style=\"font-size:14px !important;\" >MAKIJA\u017b PERMANETNY UST (BARHAT LIPS)<\/td>                                <td style=\"font-size:14px !important;\" >1200 z\u0142<\/td>                        <\/tr><tr>                                <td style=\"font-size:14px !important;\" >MAKIJA\u017b PERMANETNY UST (EFEKT SZMINKI)<\/td>                                <td style=\"font-size:14px !important;\" >1200 z\u0142<\/td>                        <\/tr><tr>                                <td style=\"font-size:14px !important;\" >NATURAL LIPS (KOREKTA CZERWIENI WARGOWEJ)<\/td>                                <td style=\"font-size:14px !important;\" >1200 z\u0142<\/td>                        <\/tr><tr>                                <td style=\"font-size:14px !important;\" >DOPIGMENTOWANIE DO 3 MIESI\u0118C<\/td>                                <td style=\"font-size:14px !important;\" >150 z\u0142<\/td>                        <\/tr><tr>                                <td style=\"font-size:14px !important;\" >MAKIJA\u017b PERMANETNY UST + BRWI<\/td>                                <td style=\"font-size:14px !important;\" >2000 z\u0142<\/td>                        <\/tr><tr>                                <td style=\"font-size:14px !important;\" >OD\u015aWIE\u017bENIE MAKIJA\u017bU PO ROKU WYKONANEGO W NASZYM SALONIE<\/td>                                <td style=\"font-size:14px !important;\" >50% ceny regularnej * do 1 roku<\/td>                        <\/tr>                <\/table>\n            <\/div>\n\n<\/div>\n\t\t\t\t<\/div>\n\t\t\t\t\t\t\t<div class=\"elementor-accordion-item\">\n\t\t\t\t\t<div id=\"elementor-tab-title-9552\" class=\"elementor-tab-title\" data-tab=\"2\" role=\"button\" aria-controls=\"elementor-tab-content-9552\" aria-expanded=\"false\">\n\t\t\t\t\t\t\t\t\t\t\t\t\t<span class=\"elementor-accordion-icon elementor-accordion-icon-right\" aria-hidden=\"true\">\n\t\t\t\t\t\t\t\t\t\t\t\t\t\t\t<span class=\"elementor-accordion-icon-closed\"><i class=\"fas fa-plus\"><\/i><\/span>\n\t\t\t\t\t\t\t\t<span class=\"elementor-accordion-icon-opened\"><i class=\"fas fa-minus\"><\/i><\/span>\n\t\t\t\t\t\t\t\t\t\t\t\t\t\t<\/span>\n\t\t\t\t\t\t\t\t\t\t\t\t<a class=\"elementor-accordion-title\" tabindex=\"0\">PRICE LIST OF PERMANENT EYEBROW MAKEUP<\/a>\n\t\t\t\t\t<\/div>\n\t\t\t\t\t<div id=\"elementor-tab-content-9552\" class=\"elementor-tab-content elementor-clearfix\" data-tab=\"2\" role=\"region\" aria-labelledby=\"elementor-tab-title-9552\">            <div >\n                <table class=\"spbtbl-theme-style\" title=\"CENNIK MAKIJA\u017bU PERMANENTNEGO BRWI By Tanvir\" >\n                    <!-- Superb Tables Plugin -->\n                    <tr>\n                        <th style=\"font-size: 15px !important;\"  align=\"left\">RODZAJ<\/th><th style=\"font-size: 15px !important;\"  align=\"left\">CENA<\/th>\n                    <\/tr>\n                    <tr>                                <td style=\"font-size:14px !important;\" >MAKIJA\u017b PERMANENTNY BRWI ( TECHNIKA POWDER BROWS-EFEKT CIENIA NA BRWIACH)<\/td>                                <td style=\"font-size:14px !important;\" >1000z\u0142<\/td>                        <\/tr><tr>                                <td style=\"font-size:14px !important;\" >MAKIJA\u017b PERMANETNY UST + BRWI<\/td>                                <td style=\"font-size:14px !important;\" >2000z\u0142<\/td>                        <\/tr><tr>                                <td style=\"font-size:14px !important;\" >OD\u015aWIE\u017bENIE MAKIJA\u017bU PO ROKU WYKONANEGO W NASZYM SALONIE<\/td>                                <td style=\"font-size:14px !important;\" >50% ceny regularnej * do 1 roku<\/td>                        <\/tr>                <\/table>\n            <\/div>\n\n<\/div>\n\t\t\t\t<\/div>\n\t\t\t\t\t\t\t<div class=\"elementor-accordion-item\">\n\t\t\t\t\t<div id=\"elementor-tab-title-9553\" class=\"elementor-tab-title\" data-tab=\"3\" role=\"button\" aria-controls=\"elementor-tab-content-9553\" aria-expanded=\"false\">\n\t\t\t\t\t\t\t\t\t\t\t\t\t<span class=\"elementor-accordion-icon elementor-accordion-icon-right\" aria-hidden=\"true\">\n\t\t\t\t\t\t\t\t\t\t\t\t\t\t\t<span class=\"elementor-accordion-icon-closed\"><i class=\"fas fa-plus\"><\/i><\/span>\n\t\t\t\t\t\t\t\t<span class=\"elementor-accordion-icon-opened\"><i class=\"fas fa-minus\"><\/i><\/span>\n\t\t\t\t\t\t\t\t\t\t\t\t\t\t<\/span>\n\t\t\t\t\t\t\t\t\t\t\t\t<a class=\"elementor-accordion-title\" tabindex=\"0\">SHADED LINE<\/a>\n\t\t\t\t\t<\/div>\n\t\t\t\t\t<div id=\"elementor-tab-content-9553\" class=\"elementor-tab-content elementor-clearfix\" data-tab=\"3\" role=\"region\" aria-labelledby=\"elementor-tab-title-9553\">            <div >\n                <table class=\"spbtbl-theme-style\" title=\"KRESKA CIENIOWANA\"  itemscope itemtype=\"http:\/\/schema.org\/Table\" >\n                    <!-- Superb Tables Plugin -->\n                    <tr>\n                        <th style=\"font-size: 15px !important;\"  itemprop=\"name\"  align=\"left\">CENA<\/th>\n                    <\/tr>\n                    <tr>                                <td style=\"font-size:14px !important;\" itemprop=\"description\" >1100Z\u0141<\/td>                        <\/tr>                <\/table>\n            <\/div>\n\n<\/div>\n\t\t\t\t<\/div>\n\t\t\t\t\t\t\t<div class=\"elementor-accordion-item\">\n\t\t\t\t\t<div id=\"elementor-tab-title-9554\" class=\"elementor-tab-title\" data-tab=\"4\" role=\"button\" aria-controls=\"elementor-tab-content-9554\" aria-expanded=\"false\">\n\t\t\t\t\t\t\t\t\t\t\t\t\t<span class=\"elementor-accordion-icon elementor-accordion-icon-right\" aria-hidden=\"true\">\n\t\t\t\t\t\t\t\t\t\t\t\t\t\t\t<span class=\"elementor-accordion-icon-closed\"><i class=\"fas fa-plus\"><\/i><\/span>\n\t\t\t\t\t\t\t\t<span class=\"elementor-accordion-icon-opened\"><i class=\"fas fa-minus\"><\/i><\/span>\n\t\t\t\t\t\t\t\t\t\t\t\t\t\t<\/span>\n\t\t\t\t\t\t\t\t\t\t\t\t<a class=\"elementor-accordion-title\" tabindex=\"0\">TRICHOPIGMENTATION<\/a>\n\t\t\t\t\t<\/div>\n\t\t\t\t\t<div id=\"elementor-tab-content-9554\" class=\"elementor-tab-content elementor-clearfix\" data-tab=\"4\" role=\"region\" aria-labelledby=\"elementor-tab-title-9554\">            <div >\n                <table class=\"spbtbl-theme-style\" title=\"TRYCHOPIGMENTACJA\"  itemscope itemtype=\"http:\/\/schema.org\/Table\" >\n                    <!-- Superb Tables Plugin -->\n                    <tr>\n                        <th style=\"font-size: 15px !important;\"  itemprop=\"name\"  align=\"left\">RODZAJ<\/th><th style=\"font-size: 15px !important;\"  itemprop=\"name\"  align=\"left\">CENA<\/th>\n                    <\/tr>\n                    <tr>                                <td style=\"font-size:14px !important;\" itemprop=\"description\" >1 sesja<\/td>                                <td style=\"font-size:14px !important;\" itemprop=\"description\" >600 z\u0142<\/td>                        <\/tr><tr>                                <td style=\"font-size:14px !important;\" itemprop=\"description\" >2 sesje<\/td>                                <td style=\"font-size:14px !important;\" itemprop=\"description\" >1200 z\u0142<\/td>                        <\/tr><tr>                                <td style=\"font-size:14px !important;\" itemprop=\"description\" >3 sesje<\/td>                                <td style=\"font-size:14px !important;\" itemprop=\"description\" >1800 z\u0142<\/td>                        <\/tr>                <\/table>\n            <\/div>\n\n<\/div>\n\t\t\t\t<\/div>\n\t\t\t\t\t\t\t\t\t\t<script type=\"application\/ld+json\">{\"@context\":\"https:\\\/\\\/schema.org\",\"@type\":\"FAQPage\",\"mainEntity\":[{\"@type\":\"Question\",\"name\":\"PRICE LIST OF PERMANENT LIP MAKEUP\",\"acceptedAnswer\":{\"@type\":\"Answer\",\"text\":\"            <div >\\n                <table class=\\\"spbtbl-theme-style\\\" title=\\\"CENNIK MAKIJA\\u017bU PERMANENTNEGO UST By Tanvir\\\" >\\n                    <!-- Superb Tables Plugin -->\\n                    <tr>\\n                        <th style=\\\"font-size: 15px !important;\\\"  align=\\\"left\\\">RODZAJ<\\\/th><th style=\\\"font-size: 15px !important;\\\"  align=\\\"left\\\">CENA<\\\/th>\\n                    <\\\/tr>\\n                    <tr>                                <td style=\\\"font-size:14px !important;\\\" >MAKIJA\\u017b PERMANETNY UST (BARHAT LIPS)<\\\/td>                                <td style=\\\"font-size:14px !important;\\\" >1200 z\\u0142<\\\/td>                        <\\\/tr><tr>                                <td style=\\\"font-size:14px !important;\\\" >MAKIJA\\u017b PERMANETNY UST (EFEKT SZMINKI)<\\\/td>                                <td style=\\\"font-size:14px !important;\\\" >1200 z\\u0142<\\\/td>                        <\\\/tr><tr>                                <td style=\\\"font-size:14px !important;\\\" >NATURAL LIPS (KOREKTA CZERWIENI WARGOWEJ)<\\\/td>                                <td style=\\\"font-size:14px !important;\\\" >1200 z\\u0142<\\\/td>                        <\\\/tr><tr>                                <td style=\\\"font-size:14px !important;\\\" >DOPIGMENTOWANIE DO 3 MIESI\\u0118C<\\\/td>                                <td style=\\\"font-size:14px !important;\\\" >150 z\\u0142<\\\/td>                        <\\\/tr><tr>                                <td style=\\\"font-size:14px !important;\\\" >MAKIJA\\u017b PERMANETNY UST + BRWI<\\\/td>                                <td style=\\\"font-size:14px !important;\\\" >2000 z\\u0142<\\\/td>                        <\\\/tr><tr>                                <td style=\\\"font-size:14px !important;\\\" >OD\\u015aWIE\\u017bENIE MAKIJA\\u017bU PO ROKU WYKONANEGO W NASZYM SALONIE<\\\/td>                                <td style=\\\"font-size:14px !important;\\\" >50% ceny regularnej * do 1 roku<\\\/td>                        <\\\/tr>                <\\\/table>\\n            <\\\/div>\\n\\n\"}},{\"@type\":\"Question\",\"name\":\"PRICE LIST OF PERMANENT EYEBROW MAKEUP\",\"acceptedAnswer\":{\"@type\":\"Answer\",\"text\":\"            <div >\\n                <table class=\\\"spbtbl-theme-style\\\" title=\\\"CENNIK MAKIJA\\u017bU PERMANENTNEGO BRWI By Tanvir\\\" >\\n                    <!-- Superb Tables Plugin -->\\n                    <tr>\\n                        <th style=\\\"font-size: 15px !important;\\\"  align=\\\"left\\\">RODZAJ<\\\/th><th style=\\\"font-size: 15px !important;\\\"  align=\\\"left\\\">CENA<\\\/th>\\n                    <\\\/tr>\\n                    <tr>                                <td style=\\\"font-size:14px !important;\\\" >MAKIJA\\u017b PERMANENTNY BRWI ( TECHNIKA POWDER BROWS-EFEKT CIENIA NA BRWIACH)<\\\/td>                                <td style=\\\"font-size:14px !important;\\\" >1000z\\u0142<\\\/td>                        <\\\/tr><tr>                                <td style=\\\"font-size:14px !important;\\\" >MAKIJA\\u017b PERMANETNY UST + BRWI<\\\/td>                                <td style=\\\"font-size:14px !important;\\\" >2000z\\u0142<\\\/td>                        <\\\/tr><tr>                                <td style=\\\"font-size:14px !important;\\\" >OD\\u015aWIE\\u017bENIE MAKIJA\\u017bU PO ROKU WYKONANEGO W NASZYM SALONIE<\\\/td>                                <td style=\\\"font-size:14px !important;\\\" >50% ceny regularnej * do 1 roku<\\\/td>                        <\\\/tr>                <\\\/table>\\n            <\\\/div>\\n\\n\"}},{\"@type\":\"Question\",\"name\":\"SHADED LINE\",\"acceptedAnswer\":{\"@type\":\"Answer\",\"text\":\"            <div >\\n                <table class=\\\"spbtbl-theme-style\\\" title=\\\"KRESKA CIENIOWANA\\\"  itemscope itemtype=\\\"http:\\\/\\\/schema.org\\\/Table\\\" >\\n                    <!-- Superb Tables Plugin -->\\n                    <tr>\\n                        <th style=\\\"font-size: 15px !important;\\\"  itemprop=\\\"name\\\"  align=\\\"left\\\">CENA<\\\/th>\\n                    <\\\/tr>\\n                    <tr>                                <td style=\\\"font-size:14px !important;\\\" itemprop=\\\"description\\\" >1100Z\\u0141<\\\/td>                        <\\\/tr>                <\\\/table>\\n            <\\\/div>\\n\\n\"}},{\"@type\":\"Question\",\"name\":\"TRICHOPIGMENTATION\",\"acceptedAnswer\":{\"@type\":\"Answer\",\"text\":\"            <div >\\n                <table class=\\\"spbtbl-theme-style\\\" title=\\\"TRYCHOPIGMENTACJA\\\"  itemscope itemtype=\\\"http:\\\/\\\/schema.org\\\/Table\\\" >\\n                    <!-- Superb Tables Plugin -->\\n                    <tr>\\n                        <th style=\\\"font-size: 15px !important;\\\"  itemprop=\\\"name\\\"  align=\\\"left\\\">RODZAJ<\\\/th><th style=\\\"font-size: 15px !important;\\\"  itemprop=\\\"name\\\"  align=\\\"left\\\">CENA<\\\/th>\\n                    <\\\/tr>\\n                    <tr>                                <td style=\\\"font-size:14px !important;\\\" itemprop=\\\"description\\\" >1 sesja<\\\/td>                                <td style=\\\"font-size:14px !important;\\\" itemprop=\\\"description\\\" >600 z\\u0142<\\\/td>                        <\\\/tr><tr>                                <td style=\\\"font-size:14px !important;\\\" itemprop=\\\"description\\\" >2 sesje<\\\/td>                                <td style=\\\"font-size:14px !important;\\\" itemprop=\\\"description\\\" >1200 z\\u0142<\\\/td>                        <\\\/tr><tr>                                <td style=\\\"font-size:14px !important;\\\" itemprop=\\\"description\\\" >3 sesje<\\\/td>                                <td style=\\\"font-size:14px !important;\\\" itemprop=\\\"description\\\" >1800 z\\u0142<\\\/td>                        <\\\/tr>                <\\\/table>\\n            <\\\/div>\\n\\n\"}}]}<\/script>\n\t\t\t\t\t<\/div>\n\t\t\t\t\t\t<\/div>\n\t\t\t\t<\/div>\n\t\t\t\t\t<\/div>\n\t\t<\/div>\n\t\t\t\t\t<\/div>\n\t\t<\/section>\n\t\t\t\t<section class=\"elementor-section elementor-top-section elementor-element elementor-element-82ce2a1 elementor-section-boxed elementor-section-height-default elementor-section-height-default mkdf-parallax-row-no mkdf-content-aligment-left mkdf-elementor-row-grid-no mkdf-disabled-bg-image-bellow-no\" data-id=\"82ce2a1\" data-element_type=\"section\">\n\t\t\t\t\t\t<div class=\"elementor-container elementor-column-gap-default\">\n\t\t\t\t\t<div class=\"elementor-column elementor-col-100 elementor-top-column elementor-element elementor-element-e2daf54\" data-id=\"e2daf54\" data-element_type=\"column\">\n\t\t\t<div class=\"elementor-widget-wrap elementor-element-populated\">\n\t\t\t\t\t\t<div class=\"elementor-element elementor-element-bbe4116 elementor-cta--skin-classic elementor-animated-content elementor-bg-transform elementor-bg-transform-zoom-in elementor-invisible elementor-widget elementor-widget-call-to-action\" data-id=\"bbe4116\" data-element_type=\"widget\" data-settings=\"{&quot;_animation&quot;:&quot;fadeIn&quot;}\" data-widget_type=\"call-to-action.default\">\n\t\t\t\t<div class=\"elementor-widget-container\">\n\t\t\t\t\t\t\t<div class=\"elementor-cta\">\n\t\t\t\t\t\t\t<div class=\"elementor-cta__content\">\n\t\t\t\t\n\t\t\t\t\t\t\t\t\t<h2 class=\"elementor-cta__title elementor-cta__content-item elementor-content-item\">\n\t\t\t\t\t\tPERMANENT LIP MAKEUP  \t\t\t\t\t<\/h2>\n\t\t\t\t\n\t\t\t\t\t\t\t\t\t<div class=\"elementor-cta__description elementor-cta__content-item elementor-content-item\">\n\t\t\t\t\t\t<p>Do you dream of sensual lips that will attract the gaze of men and arouse envy among women? Do you have one or more lipsticks in your purse and are constantly touching up your makeup, trying to even out your lip line and get the perfect color? Now you can forget about lip liners, lipsticks and constant makeup touch-ups. Now your lips can be perfect at any time! Permanent lips are freedom and beauty.<\/p>\n\t\t\t\t\t<\/div>\n\t\t\t\t\n\t\t\t\t\t\t\t\t\t<div class=\"elementor-cta__button-wrapper elementor-cta__content-item elementor-content-item \">\n\t\t\t\t\t<a class=\"elementor-cta__button elementor-button elementor-size-\" href=\"#elementor-action%3Aaction%3Dpopup%3Aopen%26settings%3DeyJpZCI6MTU5NDIsInRvZ2dsZSI6ZmFsc2V9\">\n\t\t\t\t\t\tRead more\t\t\t\t\t<\/a>\n\t\t\t\t\t<\/div>\n\t\t\t\t\t\t\t<\/div>\n\t\t\t\t\t\t<\/div>\n\t\t\t\t\t\t<\/div>\n\t\t\t\t<\/div>\n\t\t\t\t\t<\/div>\n\t\t<\/div>\n\t\t\t\t\t<\/div>\n\t\t<\/section>\n\t\t\t\t<section class=\"elementor-section elementor-top-section elementor-element elementor-element-0a5d61e elementor-section-boxed elementor-section-height-default elementor-section-height-default mkdf-parallax-row-no mkdf-content-aligment-left mkdf-elementor-row-grid-no mkdf-disabled-bg-image-bellow-no\" data-id=\"0a5d61e\" data-element_type=\"section\">\n\t\t\t\t\t\t<div class=\"elementor-container elementor-column-gap-default\">\n\t\t\t\t\t<div class=\"elementor-column elementor-col-100 elementor-top-column elementor-element elementor-element-de656f5\" data-id=\"de656f5\" data-element_type=\"column\">\n\t\t\t<div class=\"elementor-widget-wrap elementor-element-populated\">\n\t\t\t\t\t\t<div class=\"elementor-element elementor-element-58f6471 elementor-cta--skin-classic elementor-animated-content elementor-bg-transform elementor-bg-transform-zoom-in elementor-invisible elementor-widget elementor-widget-call-to-action\" data-id=\"58f6471\" data-element_type=\"widget\" data-settings=\"{&quot;_animation&quot;:&quot;fadeIn&quot;}\" data-widget_type=\"call-to-action.default\">\n\t\t\t\t<div class=\"elementor-widget-container\">\n\t\t\t\t\t\t\t<div class=\"elementor-cta\">\n\t\t\t\t\t\t\t<div class=\"elementor-cta__content\">\n\t\t\t\t\n\t\t\t\t\t\t\t\t\t<h2 class=\"elementor-cta__title elementor-cta__content-item elementor-content-item\">\n\t\t\t\t\t\tPERMANENT EYEBROW MAKEUP\t\t\t\t\t<\/h2>\n\t\t\t\t\n\t\t\t\t\t\t\t\t\t<div class=\"elementor-cta__description elementor-cta__content-item elementor-content-item\">\n\t\t\t\t\t\t<p>Permanent eyebrow makeup is an increasingly common procedure that is gaining a slew of female followers. If you own light and sparse eyebrows, you can certainly go for it. Permanent eyebrows is a method that will allow you to increase your confidence and love your reflection in the mirror.<\/p>\n\t\t\t\t\t<\/div>\n\t\t\t\t\n\t\t\t\t\t\t\t\t\t<div class=\"elementor-cta__button-wrapper elementor-cta__content-item elementor-content-item \">\n\t\t\t\t\t<a class=\"elementor-cta__button elementor-button elementor-size-\" href=\"#elementor-action%3Aaction%3Dpopup%3Aopen%26settings%3DeyJpZCI6MTU4OTgsInRvZ2dsZSI6ZmFsc2V9\">\n\t\t\t\t\t\tRead more\t\t\t\t\t<\/a>\n\t\t\t\t\t<\/div>\n\t\t\t\t\t\t\t<\/div>\n\t\t\t\t\t\t<\/div>\n\t\t\t\t\t\t<\/div>\n\t\t\t\t<\/div>\n\t\t\t\t\t<\/div>\n\t\t<\/div>\n\t\t\t\t\t<\/div>\n\t\t<\/section>\n\t\t\t\t<\/div>\n\t\t","protected":false},"excerpt":{"rendered":"<p>Price list PRICE LIST OF PERMANENT LIP MAKEUP RODZAJ CENA MAKIJA\u017b PERMANETNY UST (BARHAT LIPS) 1200 z\u0142 MAKIJA\u017b PERMANETNY UST (EFEKT SZMINKI) 1200 z\u0142 NATURAL LIPS (KOREKTA CZERWIENI WARGOWEJ) 1200 z\u0142 DOPIGMENTOWANIE DO 3 MIESI\u0118C 150 z\u0142 MAKIJA\u017b PERMANETNY UST [&hellip;]<\/p>\n","protected":false},"author":2,"featured_media":0,"parent":0,"menu_order":0,"comment_status":"closed","ping_status":"closed","template":"","meta":{"_angie_page":false,"footnotes":""},"class_list":["post-15269","page","type-page","status-publish","hentry"],"_links":{"self":[{"href":"https:\/\/permanentny-anastazja.pl\/en\/wp-json\/wp\/v2\/pages\/15269","targetHints":{"allow":["GET"]}}],"collection":[{"href":"https:\/\/permanentny-anastazja.pl\/en\/wp-json\/wp\/v2\/pages"}],"about":[{"href":"https:\/\/permanentny-anastazja.pl\/en\/wp-json\/wp\/v2\/types\/page"}],"author":[{"embeddable":true,"href":"https:\/\/permanentny-anastazja.pl\/en\/wp-json\/wp\/v2\/users\/2"}],"replies":[{"embeddable":true,"href":"https:\/\/permanentny-anastazja.pl\/en\/wp-json\/wp\/v2\/comments?post=15269"}],"version-history":[{"count":0,"href":"https:\/\/permanentny-anastazja.pl\/en\/wp-json\/wp\/v2\/pages\/15269\/revisions"}],"wp:attachment":[{"href":"https:\/\/permanentny-anastazja.pl\/en\/wp-json\/wp\/v2\/media?parent=15269"}],"curies":[{"name":"wp","href":"https:\/\/api.w.org\/{rel}","templated":true}]}}