{"id":17047,"date":"2025-02-08T15:45:51","date_gmt":"2025-02-08T14:45:51","guid":{"rendered":"https:\/\/permanentny-anastazja.pl\/online-gambling-world-hvordan-spille-ansvarlig-og-effektivt\/"},"modified":"2025-02-08T15:47:21","modified_gmt":"2025-02-08T14:47:21","slug":"online-gambling-world-hvordan-spille-ansvarlig-og-effektivt","status":"publish","type":"page","link":"https:\/\/permanentny-anastazja.pl\/no\/online-gambling-world-hvordan-spille-ansvarlig-og-effektivt\/","title":{"rendered":"Online Gambling World: Hvordan spille ansvarlig og effektivt?"},"content":{"rendered":"<p>Nettgambling blir stadig mer popul\u00e6rt over hele verden. Takket v\u00e6re moderne nettbaserte plattformer kan spillere f\u00e5 tilgang til et bredt utvalg av spilleautomater, bordspill og sportsspill uten \u00e5 m\u00e5tte forlate hjemmet. Med den raske veksten i bransjen er det stadig flere som velger \u00e5 pr\u00f8ve lykken p\u00e5 nettcasinoer. For \u00e5 gj\u00f8re opplevelsen b\u00e5de hyggelig og trygg, er det imidlertid nyttig \u00e5 kjenne til de grunnleggende reglene for ansvarlig spilling og strategiene som kan \u00f8ke vinnersjansene dine.   <\/p>\n<p>Hvorfor er nettkasinoer s\u00e5 popul\u00e6re?<br \/>\nNettcasinoer tilbyr ikke bare bekvemmelighet, men ogs\u00e5 et bredt utvalg av spill, bonuser og kampanjer. I motsetning til tradisjonelle landbaserte kasinoer er nettbaserte plattformer tilgjengelige d\u00f8gnet rundt, noe som betyr at du kan spille n\u00e5r som helst p\u00e5 d\u00f8gnet. I tillegg har utviklingen av mobilteknologi f\u00f8rt til at de fleste nettkasinoer har egne apper som gj\u00f8r det mulig \u00e5 spille p\u00e5 smarttelefoner og nettbrett.  <\/p>\n<p>En annen faktor som har bidratt til den \u00f8kende populariteten til nettgambling, er det store utvalget av tilgjengelige bonuser. Spillere kan dra nytte av velkomstbonuser, gratisspinn, lojalitetsprogrammer og cashback-kampanjer for \u00e5 forlenge spilletiden og \u00f8ke vinnersjansene. <\/p>\n<p>De mest popul\u00e6re kasinospillene p\u00e5 nett Nettkasinoer tilbyr en rekke spill som tiltrekker seg b\u00e5de nybegynnere og erfarne spillere. Blant de mest popul\u00e6re valgene er: <\/p>\n<p>Spilleautomater p\u00e5 nettet (slots) &#8211; kjennetegnes av enkel mekanikk og dynamisk spill. Noen av dem tilbyr progressive jackpoter som kan n\u00e5 millioner av dollar.<br \/>\nRulett &#8211; et klassisk kasinospill der spillerne satser p\u00e5 utfallet av kulekastene p\u00e5 et roterende ruletthjul.<br \/>\nBlackjack &#8211; et av de mest popul\u00e6re kortspillene, der m\u00e5let er \u00e5 oppn\u00e5 en poengsum s\u00e5 n\u00e6r tallet 21 som mulig.<br \/>\nNettpoker &#8211; varianter som Texas Hold&#8217;em og Omaha tiltrekker seg spillere over hele verden, b\u00e5de i kasino- og turneringsversjoner.<br \/>\nSportsspill &#8211; mange spillere velger \u00e5 spille p\u00e5 utfallet av sportsbegivenheter, noe som gj\u00f8r det ekstra spennende \u00e5 se p\u00e5 kamper og konkurranser.<br \/>\nHvordan spille online kasinoer med suksess?<br \/>\nFor \u00e5 \u00f8ke vinnersjansene dine og unng\u00e5 ubehagelige overraskelser, er det verdt \u00e5 f\u00f8lge noen velpr\u00f8vde strategier:<\/p>\n<p>Hold styr p\u00e5 budsjettet &#8211; sett deg et spillebudsjett og ikke overskrid det.<\/p>\n<p>Sats aldri mer enn du har r\u00e5d til \u00e5 tape. Dra nytte av bonuser &#8211; kasinokampanjer kan \u00f8ke startkapitalen din betydelig, s\u00e5 hold et \u00f8ye med de tilgjengelige tilbudene. Velge riktig kasino &#8211; \u00e5 sjekke andre spilleres anmeldelser og kasinoets lisens er n\u00f8kkelen til \u00e5 spille trygt. Popul\u00e6re plattformer som<strong><a href=\"https:\/\/ggbetcasino-pl.com\/\" target=\"_blank\" rel=\"noopener\">ggbet casino<\/a><\/strong><\/p>\n<p>popul\u00e6re plattformer, som ggbet casino, har et godt rykte og tilbyr mange bonuser for nye og faste spillere. Kjenn spillereglene &#8211; f\u00f8r du spiller, er det lurt \u00e5 l\u00e6re seg spillereglene for et bestemt spill og \u00f8ve p\u00e5 det i demomodus. Kontroller f\u00f8lelsene dine &#8211; \u00e5 spille p\u00e5 impuls og f\u00f8lelser kan f\u00f8re til raske tap.<\/p>\n<p>Hvis du holder deg rolig og bruker gjennomtenkte strategier, \u00f8ker sjansene dine for \u00e5 lykkes. Er pengespill p\u00e5 nettet trygge? Sikkerhet er et n\u00f8kkelaspekt i en verden av pengespill p\u00e5 nettet. Gode nettkasinoer er lisensiert av anerkjente reguleringsorganer som Malta Gaming Authority eller UK Gambling Commission. Det er lurt \u00e5 kun velge plattformer som bruker datakryptering og tilbyr sikre betalingsmetoder.     <\/p>\n<p>Et viktig aspekt ved sikkerhet er ogs\u00e5 \u00e5 beskytte spillerne mot spilleavhengighet. Mange nettkasinoer tilbyr verkt\u00f8y for selvoverv\u00e5king, for eksempel innskuddsgrenser, midlertidige kontoblokkeringer og tester for egen risikovurdering. <\/p>\n<p>Fremtiden for nettgambling Nettgamblingbransjen er i rask utvikling, og ny teknologi spiller en n\u00f8kkelrolle i utformingen av nettkasinoenes fremtid. Noen av de viktigste trendene er <\/p>\n<p>VR-kasinoer (virtuell virkelighet) &#8211; VR-teknologi gir spillerne en enda mer oppslukende kasinoopplevelse ved \u00e5 transportere dem inn i realistiske virtuelle kasinoer. Blockchain og kryptovaluta &#8211; stadig flere nettkasinoer godtar betaling med kryptovaluta, noe som gir st\u00f8rre anonymitet og sikkerhet for transaksjoner.<\/p>\n<p>Utviklingen innen kunstig intelligens &#8211; kunstig intelligens kan bidra til \u00e5 analysere spillernes atferd, tilpasse tilbud og avdekke svindel. Oppsummering Nettgambling byr p\u00e5 mye spenning og mange muligheter til \u00e5 vinne, men det er viktig \u00e5 spille p\u00e5 en ansvarlig m\u00e5te. Ved \u00e5 velge et anerkjent casino, som for eksempel ggbet casino, kan du trygt benytte deg av et bredt utvalg av spill og kampanjer. Husk \u00e5 alltid ha kontroll over budsjettet ditt, bruk de tilgjengelige strategiene og unng\u00e5 impulsive avgj\u00f8relser. Verdenen av nettkasinoer har mye \u00e5 tilby, men det viktigste er \u00e5 nyte den p\u00e5 en informert og ansvarlig m\u00e5te.   <\/p>\n","protected":false},"excerpt":{"rendered":"<p>Nettgambling blir stadig mer popul\u00e6rt over hele verden. Takket v\u00e6re moderne nettbaserte plattformer kan spillere f\u00e5 tilgang til et bredt utvalg av spilleautomater, bordspill og sportsspill uten \u00e5 m\u00e5tte forlate hjemmet. Med den raske veksten i bransjen er det stadig [&hellip;]<\/p>\n","protected":false},"author":2,"featured_media":0,"parent":0,"menu_order":0,"comment_status":"closed","ping_status":"closed","template":"","meta":{"_angie_page":false,"footnotes":""},"class_list":["post-17047","page","type-page","status-publish","hentry"],"_links":{"self":[{"href":"https:\/\/permanentny-anastazja.pl\/no\/wp-json\/wp\/v2\/pages\/17047","targetHints":{"allow":["GET"]}}],"collection":[{"href":"https:\/\/permanentny-anastazja.pl\/no\/wp-json\/wp\/v2\/pages"}],"about":[{"href":"https:\/\/permanentny-anastazja.pl\/no\/wp-json\/wp\/v2\/types\/page"}],"author":[{"embeddable":true,"href":"https:\/\/permanentny-anastazja.pl\/no\/wp-json\/wp\/v2\/users\/2"}],"replies":[{"embeddable":true,"href":"https:\/\/permanentny-anastazja.pl\/no\/wp-json\/wp\/v2\/comments?post=17047"}],"version-history":[{"count":0,"href":"https:\/\/permanentny-anastazja.pl\/no\/wp-json\/wp\/v2\/pages\/17047\/revisions"}],"wp:attachment":[{"href":"https:\/\/permanentny-anastazja.pl\/no\/wp-json\/wp\/v2\/media?parent=17047"}],"curies":[{"name":"wp","href":"https:\/\/api.w.org\/{rel}","templated":true}]}}