{"id":18120,"date":"2026-02-23T09:11:52","date_gmt":"2026-02-23T08:11:52","guid":{"rendered":"https:\/\/permanentny-anastazja.pl\/elementor-18112\/"},"modified":"2026-02-24T15:17:26","modified_gmt":"2026-02-24T14:17:26","slug":"elementor-18112","status":"publish","type":"page","link":"https:\/\/permanentny-anastazja.pl\/no\/elementor-18112\/","title":{"rendered":"Elementor #18112"},"content":{"rendered":"\t\t<div data-elementor-type=\"wp-page\" data-elementor-id=\"18120\" class=\"elementor elementor-18120 elementor-18124\" data-elementor-post-type=\"page\">\n\t\t\t\t\t\t<section class=\"elementor-section elementor-top-section elementor-element elementor-element-75d3f42f elementor-section-boxed elementor-section-height-default elementor-section-height-default mkdf-parallax-row-no mkdf-content-aligment-left mkdf-elementor-row-grid-no mkdf-disabled-bg-image-bellow-no\" data-id=\"75d3f42f\" data-element_type=\"section\">\n\t\t\t\t\t\t<div class=\"elementor-container elementor-column-gap-default\">\n\t\t\t\t\t<div class=\"elementor-column elementor-col-100 elementor-top-column elementor-element elementor-element-bb92af5\" data-id=\"bb92af5\" data-element_type=\"column\">\n\t\t\t<div class=\"elementor-widget-wrap elementor-element-populated\">\n\t\t\t\t\t\t<div class=\"elementor-element elementor-element-137578bd elementor-widget elementor-widget-text-editor\" data-id=\"137578bd\" data-element_type=\"widget\" data-widget_type=\"text-editor.default\">\n\t\t\t\t<div class=\"elementor-widget-container\">\n\t\t\t\t\t\t\t\t\t\n<div class=\"wp-block-group alignfull has-background\" style=\"padding-top: var(--wp--preset--spacing--80); padding-bottom: var(--wp--preset--spacing--80);\">\n<div class=\"wp-block-columns alignwide are-vertically-aligned-center\">\n<div class=\"wp-block-column is-vertically-aligned-center\" style=\"flex-basis: 50%;\">\n<h1 class=\"wp-block-heading has-text-color has-black-color animate__animated animate__fadeInUp\" style=\"font-style: normal; font-weight: bold; line-height: 1.2;\">Endre retning.<br>Begynn \u00e5 drive<br>i skj\u00f8nnhetsbransjen.<\/h1>\n\n<p class=\"has-text-color has-dark-gray-color\" style=\"font-size: 1.1rem; font-style: normal; line-height: 1.6;\">Oppl\u00e6ring i permanent makeup fra bunnen av for kvinner som \u00f8nsker \u00e5 starte en ny profesjonell fase og komme inn i bransjen med selvtillit og st\u00f8tte.<\/p>\n\n<ul class=\"wp-block-list has-text-color has-dark-gray-color\" style=\"font-size: 1.1rem; line-height: 1.8;\">\n<li>\u2713 L\u00e6re fra bunnen av<\/li>\n\n<li>\u2713 \u00d8v deg p\u00e5 modeller<\/li>\n\n<li>\u2713 St\u00f8tte etter oppl\u00e6ring<\/li>\n<\/ul>\n\n<div class=\"wp-block-spacer\" style=\"height: 30px;\" aria-hidden=\"true\"> <\/div>\n\n<div class=\"wp-block-buttons\">\n<div class=\"wp-block-button angie-interactive\"><a class=\"wp-block-button__link has-white-color has-vivid-red-background-color has-text-color has-background wp-element-button\">Se oppl\u00e6ringsprogrammet<\/a><\/div>\n<\/div>\n\n<p class=\"has-text-color has-dark-gray-color\" style=\"font-size: 0.9rem; font-style: normal;\"><a href=\"#\">Gj\u00f8r en avtale<\/a><\/p>\n<\/div>\n\n<div class=\"wp-block-column is-vertically-aligned-center\" style=\"flex-basis: 50%;\">\n<div class=\"wp-block-spacer\" style=\"height: 50px;\" aria-hidden=\"true\"> <\/div>\n<\/div>\n<\/div>\n<\/div>\n\t\t\t\t\t\t\t\t<\/div>\n\t\t\t\t<\/div>\n\t\t\t\t\t<\/div>\n\t\t<\/div>\n\t\t\t\t\t<\/div>\n\t\t<\/section>\n\t\t\t\t<\/div>\n\t\t","protected":false},"excerpt":{"rendered":"<p>Endre retning.Begynn \u00e5 drivei skj\u00f8nnhetsbransjen. Oppl\u00e6ring i permanent makeup fra bunnen av for kvinner som \u00f8nsker \u00e5 starte en ny profesjonell fase og komme inn i bransjen med selvtillit og st\u00f8tte. \u2713 L\u00e6re fra bunnen av \u2713 \u00d8v deg p\u00e5 [&hellip;]<\/p>\n","protected":false},"author":1,"featured_media":0,"parent":0,"menu_order":0,"comment_status":"closed","ping_status":"closed","template":"","meta":{"_angie_page":false,"footnotes":""},"class_list":["post-18120","page","type-page","status-publish","hentry"],"_links":{"self":[{"href":"https:\/\/permanentny-anastazja.pl\/no\/wp-json\/wp\/v2\/pages\/18120","targetHints":{"allow":["GET"]}}],"collection":[{"href":"https:\/\/permanentny-anastazja.pl\/no\/wp-json\/wp\/v2\/pages"}],"about":[{"href":"https:\/\/permanentny-anastazja.pl\/no\/wp-json\/wp\/v2\/types\/page"}],"author":[{"embeddable":true,"href":"https:\/\/permanentny-anastazja.pl\/no\/wp-json\/wp\/v2\/users\/1"}],"replies":[{"embeddable":true,"href":"https:\/\/permanentny-anastazja.pl\/no\/wp-json\/wp\/v2\/comments?post=18120"}],"version-history":[{"count":0,"href":"https:\/\/permanentny-anastazja.pl\/no\/wp-json\/wp\/v2\/pages\/18120\/revisions"}],"wp:attachment":[{"href":"https:\/\/permanentny-anastazja.pl\/no\/wp-json\/wp\/v2\/media?parent=18120"}],"curies":[{"name":"wp","href":"https:\/\/api.w.org\/{rel}","templated":true}]}}