{"id":18146,"date":"2026-02-28T16:08:12","date_gmt":"2026-02-28T15:08:12","guid":{"rendered":"https:\/\/permanentny-anastazja.pl\/permanent-make-up-pro-opplaering\/"},"modified":"2026-03-01T16:07:39","modified_gmt":"2026-03-01T15:07:39","slug":"permanent-make-up-pro-opplaering","status":"publish","type":"page","link":"https:\/\/permanentny-anastazja.pl\/no\/permanent-make-up-pro-opplaering\/","title":{"rendered":"Permanent Make-up Pro-oppl\u00e6ring"},"content":{"rendered":"\t\t<div data-elementor-type=\"wp-page\" data-elementor-id=\"18146\" class=\"elementor elementor-18146 elementor-18134\" data-elementor-post-type=\"page\">\n\t\t\t\t\t\t<section class=\"elementor-section elementor-top-section elementor-element elementor-element-71d369ab elementor-section-boxed elementor-section-height-default elementor-section-height-default mkdf-parallax-row-no mkdf-content-aligment-left mkdf-elementor-row-grid-no mkdf-disabled-bg-image-bellow-no\" data-id=\"71d369ab\" data-element_type=\"section\">\n\t\t\t\t\t\t<div class=\"elementor-container elementor-column-gap-default\">\n\t\t\t\t\t<div class=\"elementor-column elementor-col-100 elementor-top-column elementor-element elementor-element-8a8d04e\" data-id=\"8a8d04e\" data-element_type=\"column\">\n\t\t\t<div class=\"elementor-widget-wrap\">\n\t\t\t\t\t\t\t<\/div>\n\t\t<\/div>\n\t\t\t\t\t<\/div>\n\t\t<\/section>\n\t\t\t\t<section class=\"elementor-section elementor-top-section elementor-element elementor-element-08cb993 elementor-section-boxed elementor-section-height-default elementor-section-height-default mkdf-parallax-row-no mkdf-content-aligment-left mkdf-elementor-row-grid-no mkdf-disabled-bg-image-bellow-no\" data-id=\"08cb993\" data-element_type=\"section\">\n\t\t\t\t\t\t<div class=\"elementor-container elementor-column-gap-default\">\n\t\t\t\t\t<div class=\"elementor-column elementor-col-50 elementor-top-column elementor-element elementor-element-89fa391\" data-id=\"89fa391\" data-element_type=\"column\">\n\t\t\t<div class=\"elementor-widget-wrap elementor-element-populated\">\n\t\t\t\t\t\t<div class=\"elementor-element elementor-element-59525aa elementor-widget elementor-widget-heading\" data-id=\"59525aa\" data-element_type=\"widget\" data-widget_type=\"heading.default\">\n\t\t\t\t<div class=\"elementor-widget-container\">\n\t\t\t\t\t<h2 class=\"elementor-heading-title elementor-size-default\">P\u00e5 tide med et nytt yrke \n Permanent make-up<\/h2>\t\t\t\t<\/div>\n\t\t\t\t<\/div>\n\t\t\t\t<div class=\"elementor-element elementor-element-f32473d elementor-widget elementor-widget-text-editor\" data-id=\"f32473d\" data-element_type=\"widget\" data-widget_type=\"text-editor.default\">\n\t\t\t\t<div class=\"elementor-widget-container\">\n\t\t\t\t\t\t\t\t\t<p>Oppl\u00e6ring i permanent sminke fra bunnen av for personer som \u00f8nsker \u00e5 starte en ny profesjonell fase og g\u00e5 inn i skj\u00f8nnhetsbransjen med selvtillit og erfaring .<\/p>\t\t\t\t\t\t\t\t<\/div>\n\t\t\t\t<\/div>\n\t\t\t\t<div class=\"elementor-element elementor-element-c9a1238 elementor-view-default elementor-widget elementor-widget-icon\" data-id=\"c9a1238\" data-element_type=\"widget\" data-widget_type=\"icon.default\">\n\t\t\t\t<div class=\"elementor-widget-container\">\n\t\t\t\t\t\t\t<div class=\"elementor-icon-wrapper\">\n\t\t\t<div class=\"elementor-icon\">\n\t\t\t<i aria-hidden=\"true\" class=\"fas fa-star\"><\/i>\t\t\t<\/div>\n\t\t<\/div>\n\t\t\t\t\t\t<\/div>\n\t\t\t\t<\/div>\n\t\t\t\t\t<\/div>\n\t\t<\/div>\n\t\t\t\t<div class=\"elementor-column elementor-col-50 elementor-top-column elementor-element elementor-element-a670b57\" data-id=\"a670b57\" data-element_type=\"column\">\n\t\t\t<div class=\"elementor-widget-wrap elementor-element-populated\">\n\t\t\t\t\t\t<div class=\"elementor-element elementor-element-71ecb0d elementor-widget elementor-widget-image\" data-id=\"71ecb0d\" data-element_type=\"widget\" data-widget_type=\"image.default\">\n\t\t\t\t<div class=\"elementor-widget-container\">\n\t\t\t\t\t\t\t\t\t\t\t\t\t\t\t<img fetchpriority=\"high\" decoding=\"async\" width=\"596\" height=\"466\" src=\"https:\/\/permanentny-anastazja.pl\/wp-content\/uploads\/2026\/02\/Projekt-bez-nazwy-3.png\" class=\"attachment-large size-large wp-image-18179\" alt=\"\" srcset=\"https:\/\/permanentny-anastazja.pl\/wp-content\/uploads\/2026\/02\/Projekt-bez-nazwy-3.png 596w, https:\/\/permanentny-anastazja.pl\/wp-content\/uploads\/2026\/02\/Projekt-bez-nazwy-3-300x235.png 300w, https:\/\/permanentny-anastazja.pl\/wp-content\/uploads\/2026\/02\/Projekt-bez-nazwy-3-150x117.png 150w\" sizes=\"(max-width: 596px) 100vw, 596px\" title=\"\">\t\t\t\t\t\t\t\t\t\t\t\t\t\t\t<\/div>\n\t\t\t\t<\/div>\n\t\t\t\t\t<\/div>\n\t\t<\/div>\n\t\t\t\t\t<\/div>\n\t\t<\/section>\n\t\t\t\t<\/div>\n\t\t","protected":false},"excerpt":{"rendered":"<p>P\u00e5 tide med et nytt yrke Permanent make-up Oppl\u00e6ring i permanent sminke fra bunnen av for personer som \u00f8nsker \u00e5 starte en ny profesjonell fase og g\u00e5 inn i skj\u00f8nnhetsbransjen med selvtillit og erfaring .<\/p>\n","protected":false},"author":1,"featured_media":0,"parent":0,"menu_order":0,"comment_status":"closed","ping_status":"closed","template":"angie-canvas","meta":{"_angie_page":false,"footnotes":""},"class_list":["post-18146","page","type-page","status-publish","hentry"],"_links":{"self":[{"href":"https:\/\/permanentny-anastazja.pl\/no\/wp-json\/wp\/v2\/pages\/18146","targetHints":{"allow":["GET"]}}],"collection":[{"href":"https:\/\/permanentny-anastazja.pl\/no\/wp-json\/wp\/v2\/pages"}],"about":[{"href":"https:\/\/permanentny-anastazja.pl\/no\/wp-json\/wp\/v2\/types\/page"}],"author":[{"embeddable":true,"href":"https:\/\/permanentny-anastazja.pl\/no\/wp-json\/wp\/v2\/users\/1"}],"replies":[{"embeddable":true,"href":"https:\/\/permanentny-anastazja.pl\/no\/wp-json\/wp\/v2\/comments?post=18146"}],"version-history":[{"count":0,"href":"https:\/\/permanentny-anastazja.pl\/no\/wp-json\/wp\/v2\/pages\/18146\/revisions"}],"wp:attachment":[{"href":"https:\/\/permanentny-anastazja.pl\/no\/wp-json\/wp\/v2\/media?parent=18146"}],"curies":[{"name":"wp","href":"https:\/\/api.w.org\/{rel}","templated":true}]}}