{"id":15326,"date":"2021-09-27T14:15:43","date_gmt":"2021-09-27T12:15:43","guid":{"rendered":"https:\/\/permanentny-anastazja.pl\/delbetalningstjanster\/"},"modified":"2024-02-27T22:01:20","modified_gmt":"2024-02-27T21:01:20","slug":"delbetalningstjanster","status":"publish","type":"page","link":"https:\/\/permanentny-anastazja.pl\/sv\/delbetalningstjanster\/","title":{"rendered":"Delbetalningstj\u00e4nster"},"content":{"rendered":"\t\t<div data-elementor-type=\"wp-page\" data-elementor-id=\"15326\" class=\"elementor elementor-15326 elementor-7912\" data-elementor-post-type=\"page\">\n\t\t\t\t\t\t<section class=\"elementor-section elementor-top-section elementor-element elementor-element-dec33a4 mkdf-elementor-row-grid-section elementor-section-stretched elementor-section-boxed elementor-section-height-default elementor-section-height-default mkdf-parallax-row-no mkdf-content-aligment-left mkdf-disabled-bg-image-bellow-no\" data-id=\"dec33a4\" data-element_type=\"section\" data-settings=\"{&quot;background_background&quot;:&quot;gradient&quot;,&quot;stretch_section&quot;:&quot;section-stretched&quot;}\">\n\t\t\t\t\t\t<div class=\"elementor-container elementor-column-gap-default\">\n\t\t\t\t\t<div class=\"elementor-column elementor-col-50 elementor-top-column elementor-element elementor-element-cb8feb0\" data-id=\"cb8feb0\" data-element_type=\"column\">\n\t\t\t<div class=\"elementor-widget-wrap elementor-element-populated\">\n\t\t\t\t\t\t<div class=\"elementor-element elementor-element-fe6abe2 elementor-widget elementor-widget-image\" data-id=\"fe6abe2\" data-element_type=\"widget\" data-widget_type=\"image.default\">\n\t\t\t\t<div class=\"elementor-widget-container\">\n\t\t\t\t\t\t\t\t\t\t\t\t\t\t\t<img decoding=\"async\" width=\"282\" height=\"173\" src=\"https:\/\/permanentny-anastazja.pl\/wp-content\/uploads\/2021\/08\/medi-raty-png.png\" class=\"attachment-medium_large size-medium_large wp-image-12888\" alt=\"\" title=\"\">\t\t\t\t\t\t\t\t\t\t\t\t\t\t\t<\/div>\n\t\t\t\t<\/div>\n\t\t\t\t\t<\/div>\n\t\t<\/div>\n\t\t\t\t<div class=\"elementor-column elementor-col-50 elementor-top-column elementor-element elementor-element-3b435a8\" data-id=\"3b435a8\" data-element_type=\"column\">\n\t\t\t<div class=\"elementor-widget-wrap elementor-element-populated\">\n\t\t\t\t\t\t<section class=\"elementor-section elementor-inner-section elementor-element elementor-element-8f60d22 elementor-section-boxed elementor-section-height-default elementor-section-height-default mkdf-parallax-row-no mkdf-content-aligment-left mkdf-elementor-row-grid-no mkdf-disabled-bg-image-bellow-no\" data-id=\"8f60d22\" data-element_type=\"section\">\n\t\t\t\t\t\t<div class=\"elementor-container elementor-column-gap-default\">\n\t\t\t\t\t<div class=\"elementor-column elementor-col-100 elementor-inner-column elementor-element elementor-element-824ba14\" data-id=\"824ba14\" data-element_type=\"column\">\n\t\t\t<div class=\"elementor-widget-wrap elementor-element-populated\">\n\t\t\t\t\t\t<div class=\"elementor-element elementor-element-8322ce9 elementor-widget elementor-widget-heading\" data-id=\"8322ce9\" data-element_type=\"widget\" data-widget_type=\"heading.default\">\n\t\t\t\t<div class=\"elementor-widget-container\">\n\t\t\t\t\t<h3 class=\"elementor-heading-title elementor-size-default\">F\u00f6rverkliga dina dr\u00f6mmar!<\/h3>\t\t\t\t<\/div>\n\t\t\t\t<\/div>\n\t\t\t\t<div class=\"elementor-element elementor-element-77046eb elementor-widget elementor-widget-text-editor\" data-id=\"77046eb\" data-element_type=\"widget\" data-widget_type=\"text-editor.default\">\n\t\t\t\t<div class=\"elementor-widget-container\">\n\t\t\t\t\t\t\t\t\t<p>Du kan <strong>undvika en<\/strong> finansiell <strong>eng\u00e5ngsbelastning<\/strong> med MediRats<\/p>\n\t\t\t\t\t\t\t\t<\/div>\n\t\t\t\t<\/div>\n\t\t\t\t\t<\/div>\n\t\t<\/div>\n\t\t\t\t\t<\/div>\n\t\t<\/section>\n\t\t\t\t<div class=\"elementor-element elementor-element-ae3e762 elementor-widget elementor-widget-text-editor\" data-id=\"ae3e762\" data-element_type=\"widget\" data-widget_type=\"text-editor.default\">\n\t\t\t\t<div class=\"elementor-widget-container\">\n\t\t\t\t\t\t\t\t\t<ul>\n<li><strong>Fr\u00e5n 100 GBP till 5 000 GBP<\/strong><\/li>\n<\/ul>\n<p>Vi kontrollerar endast KRD utan kreditpr\u00f6vning. <strong>Inga<\/strong> formaliteter, <strong>inga<\/strong> dokumenterade inkomster.<\/p>\n<ul>\n<li><strong>Fr\u00e5n 5 000 PLN till 10 000 PLN<\/strong><\/li>\n<\/ul>\n<p>Vi kontrollerar KRD och BIK utan kreditpr\u00f6vning. <strong>Inga<\/strong> formaliteter <strong>utan<\/strong> inkomstbevis.<\/p>\n\t\t\t\t\t\t\t\t<\/div>\n\t\t\t\t<\/div>\n\t\t\t\t\t<\/div>\n\t\t<\/div>\n\t\t\t\t\t<\/div>\n\t\t<\/section>\n\t\t\t\t<section class=\"elementor-section elementor-top-section elementor-element elementor-element-978bfa5 elementor-section-boxed elementor-section-height-default elementor-section-height-default mkdf-parallax-row-no mkdf-content-aligment-left mkdf-elementor-row-grid-no mkdf-disabled-bg-image-bellow-no\" data-id=\"978bfa5\" data-element_type=\"section\">\n\t\t\t\t\t\t<div class=\"elementor-container elementor-column-gap-default\">\n\t\t\t\t\t<div class=\"elementor-column elementor-col-100 elementor-top-column elementor-element elementor-element-946cc9e\" data-id=\"946cc9e\" data-element_type=\"column\">\n\t\t\t<div class=\"elementor-widget-wrap elementor-element-populated\">\n\t\t\t\t\t\t<div class=\"elementor-element elementor-element-9b6b1fd elementor-widget elementor-widget-text-editor\" data-id=\"9b6b1fd\" data-element_type=\"widget\" data-widget_type=\"text-editor.default\">\n\t\t\t\t<div class=\"elementor-widget-container\">\n\t\t\t\t\t\t\t\t\t<div class=\"wpb_text_column wpb_content_element \">\n<div class=\"wpb_wrapper\">\n<h2><strong>Vi erbjuder 2 bekv\u00e4ma s\u00e4tt att betala kostnaden f\u00f6r din procedur\/behandling i l\u00e5ga delbetalningar.<\/strong><\/h2>\n<ul class=\"mt-3\">\n<li>Fr\u00e5n 100 \u00a3 till 5 000 \u00a3. PLN &#8211;<strong> efter bes\u00f6ket<\/strong>, p\u00e5 &#8221;k\u00f6p nu, betala senare&#8221;-basis, allt du beh\u00f6ver \u00e4r en smartphone (betalning endast tillg\u00e4nglig p\u00e5 vissa f\u00f6rs\u00e4ljningsst\u00e4llen)<\/li>\n<li>Fr\u00e5n 500 \u00a3 till 50 000 \u00a3. PLN <strong>efter telefonkvalificering<\/strong> med bekr\u00e4ftelse av kreditv\u00e4rdighet (detta tar vanligtvis cirka 4 minuter):direkt p\u00e5 plats.<\/li>\n<\/ul>\n<\/div>\n<\/div>\n<div class=\"wpb_text_column wpb_content_element \">\n<div class=\"wpb_wrapper\">\n<h2><strong>Hur fungerar MediRatys finansierings- och delbetalningssystem?<\/strong><\/h2>\n<\/div>\n<\/div>\n<div class=\"vc_row wpb_row vc_inner vc_row-fluid\">\n<div class=\"wpb_column vc_column_container vc_col-sm-3\">\n<div class=\"vc_column-inner \">\n<div class=\"wpb_wrapper\">\n<div class=\"wpb_single_image wpb_content_element vc_align_left\">\n<figure class=\"wpb_wrapper vc_figure\">\n<div class=\"vc_single_image-wrapper vc_box_border_grey\"><img decoding=\"async\" class=\"vc_single_image-img attachment-full\" src=\"https:\/\/www.mediraty.pl\/wp-content\/uploads\/2014\/11\/kredyt_2.png\" alt=\"\" width=\"150\" height=\"150\" title=\"\"><\/div>\n<\/figure>\n<\/div>\n<\/div>\n<\/div>\n<\/div>\n<div class=\"wpb_column vc_column_container vc_col-sm-9\">\n<div class=\"vc_column-inner \">\n<div class=\"wpb_wrapper\">\n<div class=\"wpb_text_column wpb_content_element \">\n<div class=\"wpb_wrapper\">\n<p><strong>Kreditv\u00e4rdighet.<\/strong><\/p>\n<p>F\u00f6r patienten eller den person som f\u00f6rbinder sig till patienten (t.ex. en f\u00f6r\u00e4lder till ett barn) eller djuret \u00e4r kreditv\u00e4rdighet ett viktigt villkor f\u00f6r att anv\u00e4nda MediRata-finansiering.<\/p>\n<\/div>\n<\/div>\n<\/div>\n<\/div>\n<\/div>\n<\/div>\n<div class=\"vc_row wpb_row vc_inner vc_row-fluid\">\n<div class=\"wpb_column vc_column_container vc_col-sm-3\">\n<div class=\"vc_column-inner \">\n<div class=\"wpb_wrapper\">\n<div class=\"wpb_single_image wpb_content_element vc_align_left\">\n<figure class=\"wpb_wrapper vc_figure\">\n<div class=\"vc_single_image-wrapper vc_box_border_grey\"><img decoding=\"async\" class=\"vc_single_image-img attachment-full\" src=\"https:\/\/www.mediraty.pl\/wp-content\/uploads\/2014\/11\/zagar_4min.png\" alt=\"\" width=\"150\" height=\"150\" title=\"\"><\/div>\n<\/figure>\n<\/div>\n<\/div>\n<\/div>\n<\/div>\n<div class=\"wpb_column vc_column_container vc_col-sm-9\">\n<div class=\"vc_column-inner \">\n<div class=\"wpb_wrapper\">\n<div class=\"wpb_text_column wpb_content_element \">\n<div class=\"wpb_wrapper\">\n<p><strong>Formaliteter p\u00e5 4 minuter.<\/strong><\/p>\n<p>Att bekr\u00e4fta kreditv\u00e4rdighet f\u00f6r medicinska tj\u00e4nster med MediRata \u00e4r enkelt och tar bara<strong> <\/strong> 4<strong>minuter<\/strong>.<\/p>\n<\/div>\n<\/div>\n<\/div>\n<\/div>\n<\/div>\n<\/div>\n<div class=\"vc_row wpb_row vc_inner vc_row-fluid\">\n<div class=\"wpb_column vc_column_container vc_col-sm-3\">\n<div class=\"vc_column-inner \">\n<div class=\"wpb_wrapper\">\n<div class=\"wpb_single_image wpb_content_element vc_align_left\">\n<figure class=\"wpb_wrapper vc_figure\">\n<div class=\"vc_single_image-wrapper vc_box_border_grey\"><img loading=\"lazy\" decoding=\"async\" class=\"vc_single_image-img attachment-full\" src=\"https:\/\/www.mediraty.pl\/wp-content\/uploads\/2014\/11\/krzyzyk.png\" alt=\"kors\" width=\"150\" height=\"150\" title=\"\"><\/div>\n<\/figure>\n<\/div>\n<\/div>\n<\/div>\n<\/div>\n<div class=\"wpb_column vc_column_container vc_col-sm-9\">\n<div class=\"vc_column-inner \">\n<div class=\"wpb_wrapper\">\n<div class=\"wpb_text_column wpb_content_element \">\n<div class=\"wpb_wrapper\">\n<p><strong>Underl\u00e4ttat tillg\u00e5ngen till privata kliniker i hela landet.<\/strong><\/p>\n<p>En god kredithistorik och en stadig inkomst ger stora m\u00f6jligheter f\u00f6r privata v\u00e5rd- och sk\u00f6nhetskliniker.<\/p>\n<\/div>\n<\/div>\n<\/div>\n<p><a href=\"https:\/\/www.mediraty.pl\/jak-to-dziala\/\" target=\"_blank\" rel=\"noopener\"><strong>All detaljerad information finns H\u00c4R<\/strong><\/a><\/p>\n<\/div>\n<\/div>\n<\/div>\n\t\t\t\t\t\t\t\t<\/div>\n\t\t\t\t<\/div>\n\t\t\t\t\t<\/div>\n\t\t<\/div>\n\t\t\t\t\t<\/div>\n\t\t<\/section>\n\t\t\t\t<section class=\"elementor-section elementor-top-section elementor-element elementor-element-d34fa73 mkdf-elementor-row-grid-section mkdf-parallax-row-holder elementor-section-full_width elementor-section-stretched elementor-section-height-min-height elementor-section-content-middle elementor-section-height-default elementor-section-items-middle mkdf-content-aligment-left mkdf-disabled-bg-image-bellow-no\" data-id=\"d34fa73\" data-element_type=\"section\" data-settings=\"{&quot;background_background&quot;:&quot;classic&quot;,&quot;mikado_parallax_image&quot;:{&quot;url&quot;:&quot;&quot;,&quot;id&quot;:&quot;&quot;,&quot;size&quot;:&quot;&quot;,&quot;alt&quot;:&quot;&quot;,&quot;source&quot;:&quot;library&quot;},&quot;stretch_section&quot;:&quot;section-stretched&quot;}\">\n\t\t\t\t\t\t\t<div class=\"elementor-background-overlay\"><\/div>\n\t\t\t\t\t\t\t<div class=\"elementor-container elementor-column-gap-default\">\n\t\t\t\t\t<div class=\"elementor-column elementor-col-50 elementor-top-column elementor-element elementor-element-315e7e8\" data-id=\"315e7e8\" data-element_type=\"column\">\n\t\t\t<div class=\"elementor-widget-wrap elementor-element-populated\">\n\t\t\t\t\t\t<div class=\"elementor-element elementor-element-0d2e77d elementor-widget elementor-widget-image\" data-id=\"0d2e77d\" data-element_type=\"widget\" data-widget_type=\"image.default\">\n\t\t\t\t<div class=\"elementor-widget-container\">\n\t\t\t\t\t\t\t\t\t\t\t\t\t\t\t\t<a href=\"https:\/\/permanentny-anastazja.pl\/sv\/om-mig\/\">\n\t\t\t\t\t\t\t<img loading=\"lazy\" decoding=\"async\" width=\"444\" height=\"454\" src=\"https:\/\/permanentny-anastazja.pl\/wp-content\/uploads\/2021\/08\/0BCDF2D4-0914-4A6A-B12B-6071D3B054DB.jpeg\" class=\"attachment-large size-large wp-image-12892\" alt=\"\" srcset=\"https:\/\/permanentny-anastazja.pl\/wp-content\/uploads\/2021\/08\/0BCDF2D4-0914-4A6A-B12B-6071D3B054DB.jpeg 444w, https:\/\/permanentny-anastazja.pl\/wp-content\/uploads\/2021\/08\/0BCDF2D4-0914-4A6A-B12B-6071D3B054DB-293x300.jpeg 293w\" sizes=\"(max-width: 444px) 100vw, 444px\" title=\"\">\t\t\t\t\t\t\t\t<\/a>\n\t\t\t\t\t\t\t\t\t\t\t\t\t\t\t<\/div>\n\t\t\t\t<\/div>\n\t\t\t\t\t<\/div>\n\t\t<\/div>\n\t\t\t\t<div class=\"elementor-column elementor-col-50 elementor-top-column elementor-element elementor-element-6eb460a\" data-id=\"6eb460a\" data-element_type=\"column\">\n\t\t\t<div class=\"elementor-widget-wrap elementor-element-populated\">\n\t\t\t\t\t\t<div class=\"elementor-element elementor-element-c7fc694 elementor-widget elementor-widget-mkdf_info_section\" data-id=\"c7fc694\" data-element_type=\"widget\" data-widget_type=\"mkdf_info_section.default\">\n\t\t\t\t<div class=\"elementor-widget-container\">\n\t\t\t\t\t<div class=\"mkdf-info-section  mkdf-light mkdf-center\">\n\n            <var class=\"mkdf-is-background-text\" style=\"font-size:225px\" id=\"mkdf-is-background-text-90\" data-font-size=\"155\">\n        um\u00f3w        <\/var>\n    \n    <div class=\"mkdf-is-inner\" style=\"padding-top:112.5px;width:50%\">\n\n                    <h5 class=\"mkdf-is-subtitle\">\n            bezp\u0142atne            <\/h5>\n        \n                    <h3 class=\"mkdf-is-title\">\n            Konsultacje            <\/h3>\n        \n        \n                    <div class=\"mkdf-is-button\" >\n                <a itemprop=\"url\" href=\"https:\/\/permanentny-anastazja.pl\/o-mnie\/\" target=\"_self\" class=\"mkdf-btn mkdf-btn-medium mkdf-btn-simple\">    <span class=\"mkdf-btn-text\"><\/span>    <\/a>            <\/div>\n        \n    <\/div>\n<\/div>\t\t\t\t<\/div>\n\t\t\t\t<\/div>\n\t\t\t\t<div class=\"elementor-element elementor-element-8556f65 elementor-shape-circle elementor-grid-0 e-grid-align-center elementor-widget elementor-widget-social-icons\" data-id=\"8556f65\" data-element_type=\"widget\" data-widget_type=\"social-icons.default\">\n\t\t\t\t<div class=\"elementor-widget-container\">\n\t\t\t\t\t\t\t<div class=\"elementor-social-icons-wrapper elementor-grid\" role=\"list\">\n\t\t\t\t\t\t\t<span class=\"elementor-grid-item\" role=\"listitem\">\n\t\t\t\t\t<a class=\"elementor-icon elementor-social-icon elementor-social-icon-phone elementor-repeater-item-24b2845\" href=\"tel:+48573421635\" target=\"_blank\">\n\t\t\t\t\t\t<span class=\"elementor-screen-only\">Phone<\/span>\n\t\t\t\t\t\t<i class=\"fas fa-phone\"><\/i>\t\t\t\t\t<\/a>\n\t\t\t\t<\/span>\n\t\t\t\t\t\t\t<span class=\"elementor-grid-item\" role=\"listitem\">\n\t\t\t\t\t<a class=\"elementor-icon elementor-social-icon elementor-social-icon-facebook-messenger elementor-repeater-item-3008457\" href=\"https:\/\/m.me\/MakijazPermanentnyPRIVE\" target=\"_blank\">\n\t\t\t\t\t\t<span class=\"elementor-screen-only\">Facebook-messenger<\/span>\n\t\t\t\t\t\t<i class=\"fab fa-facebook-messenger\"><\/i>\t\t\t\t\t<\/a>\n\t\t\t\t<\/span>\n\t\t\t\t\t\t\t<span class=\"elementor-grid-item\" role=\"listitem\">\n\t\t\t\t\t<a class=\"elementor-icon elementor-social-icon elementor-social-icon-instagram elementor-repeater-item-56480c2\" href=\"https:\/\/www.instagram.com\/anastazja_prive_permanent\/\" target=\"_blank\" rel=\"noopener\">\n\t\t\t\t\t\t<span class=\"elementor-screen-only\">Instagram<\/span>\n\t\t\t\t\t\t<i class=\"fab fa-instagram\"><\/i>\t\t\t\t\t<\/a>\n\t\t\t\t<\/span>\n\t\t\t\t\t<\/div>\n\t\t\t\t\t\t<\/div>\n\t\t\t\t<\/div>\n\t\t\t\t<div class=\"elementor-element elementor-element-e8aa9d5 elementor-button-warning elementor-align-center elementor-widget elementor-widget-button\" data-id=\"e8aa9d5\" data-element_type=\"widget\" data-widget_type=\"button.default\">\n\t\t\t\t<div class=\"elementor-widget-container\">\n\t\t\t\t\t\t\t\t\t<div class=\"elementor-button-wrapper\">\n\t\t\t\t\t<a class=\"elementor-button elementor-button-link elementor-size-sm\" href=\"https:\/\/permanentny-anastazja.pl\/sv\/om-mig\/\">\n\t\t\t\t\t\t<span class=\"elementor-button-content-wrapper\">\n\t\t\t\t\t\t\t\t\t<span class=\"elementor-button-text\">Boka tid nu<\/span>\n\t\t\t\t\t<\/span>\n\t\t\t\t\t<\/a>\n\t\t\t\t<\/div>\n\t\t\t\t\t\t\t\t<\/div>\n\t\t\t\t<\/div>\n\t\t\t\t\t<\/div>\n\t\t<\/div>\n\t\t\t\t\t<\/div>\n\t\t<\/section>\n\t\t\t\t<\/div>\n\t\t","protected":false},"excerpt":{"rendered":"<p>F\u00f6rverkliga dina dr\u00f6mmar! Du kan undvika en finansiell eng\u00e5ngsbelastning med MediRats Fr\u00e5n 100 GBP till 5 000 GBP Vi kontrollerar endast KRD utan kreditpr\u00f6vning. Inga formaliteter, inga dokumenterade inkomster. Fr\u00e5n 5 000 PLN till 10 000 PLN Vi kontrollerar KRD [&hellip;]<\/p>\n","protected":false},"author":1,"featured_media":0,"parent":0,"menu_order":0,"comment_status":"closed","ping_status":"closed","template":"","meta":{"_angie_page":false,"footnotes":""},"class_list":["post-15326","page","type-page","status-publish","hentry"],"_links":{"self":[{"href":"https:\/\/permanentny-anastazja.pl\/sv\/wp-json\/wp\/v2\/pages\/15326","targetHints":{"allow":["GET"]}}],"collection":[{"href":"https:\/\/permanentny-anastazja.pl\/sv\/wp-json\/wp\/v2\/pages"}],"about":[{"href":"https:\/\/permanentny-anastazja.pl\/sv\/wp-json\/wp\/v2\/types\/page"}],"author":[{"embeddable":true,"href":"https:\/\/permanentny-anastazja.pl\/sv\/wp-json\/wp\/v2\/users\/1"}],"replies":[{"embeddable":true,"href":"https:\/\/permanentny-anastazja.pl\/sv\/wp-json\/wp\/v2\/comments?post=15326"}],"version-history":[{"count":0,"href":"https:\/\/permanentny-anastazja.pl\/sv\/wp-json\/wp\/v2\/pages\/15326\/revisions"}],"wp:attachment":[{"href":"https:\/\/permanentny-anastazja.pl\/sv\/wp-json\/wp\/v2\/media?parent=15326"}],"curies":[{"name":"wp","href":"https:\/\/api.w.org\/{rel}","templated":true}]}}