{"id":17048,"date":"2025-02-08T15:45:51","date_gmt":"2025-02-08T14:45:51","guid":{"rendered":"https:\/\/permanentny-anastazja.pl\/online-gambling-world-hur-spelar-man-ansvarsfullt-och-effektivt\/"},"modified":"2025-02-08T15:47:19","modified_gmt":"2025-02-08T14:47:19","slug":"online-gambling-world-hur-spelar-man-ansvarsfullt-och-effektivt","status":"publish","type":"page","link":"https:\/\/permanentny-anastazja.pl\/sv\/online-gambling-world-hur-spelar-man-ansvarsfullt-och-effektivt\/","title":{"rendered":"Online Gambling World: Hur spelar man ansvarsfullt och effektivt?"},"content":{"rendered":"<p>Onlinespel blir allt popul\u00e4rare runt om i v\u00e4rlden. Tack vare moderna onlineplattformar kan spelare f\u00e5 tillg\u00e5ng till ett brett utbud av slots, bordsspel och sportsbetting utan att beh\u00f6va l\u00e4mna hemmet. I och med branschens snabba tillv\u00e4xt v\u00e4ljer allt fler att pr\u00f6va lyckan p\u00e5 onlinekasinon. Men f\u00f6r att g\u00f6ra upplevelsen b\u00e5de rolig och s\u00e4ker \u00e4r det bra att k\u00e4nna till de grundl\u00e4ggande reglerna f\u00f6r ansvarsfullt spelande och de strategier som kan \u00f6ka dina chanser att vinna.   <\/p>\n<p>Varf\u00f6r \u00e4r onlinekasinon s\u00e5 popul\u00e4ra?<br \/>\nOnlinekasinon erbjuder spelarna inte bara bekv\u00e4mlighet utan ocks\u00e5 ett brett utbud av spel, bonusar och kampanjer. Till skillnad fr\u00e5n traditionella landbaserade kasinon \u00e4r onlineplattformar tillg\u00e4ngliga dygnet runt, vilket inneb\u00e4r att du kan spela n\u00e4r som helst p\u00e5 dygnet. Dessutom har utvecklingen av mobilteknik inneburit att de flesta onlinekasinon har dedikerade appar som g\u00f6r att du kan spela p\u00e5 smartphones och surfplattor.  <\/p>\n<p>En annan faktor som har bidragit till den v\u00e4xande populariteten f\u00f6r onlinespel \u00e4r det stora utbudet av bonusar. Spelare kan dra nytta av v\u00e4lkomstbonusar, gratissnurr, lojalitetsprogram och cashback-kampanjer f\u00f6r att f\u00f6rl\u00e4nga spelet och \u00f6ka chanserna att vinna. <\/p>\n<p>Mest popul\u00e4ra onlinekasinospel Onlinekasinon erbjuder en m\u00e4ngd olika spel som lockar b\u00e5de nyb\u00f6rjare och erfarna spelare. Bland de mest popul\u00e4ra valen \u00e4r: <\/p>\n<p>Spelautomater p\u00e5 n\u00e4tet (slots) &#8211; k\u00e4nnetecknas av enkel mekanik och dynamiskt spel. Vissa av dem erbjuder progressiva jackpottar som kan n\u00e5 miljontals dollar.<br \/>\nRoulette &#8211; ett klassiskt kasinospel d\u00e4r spelarna satsar p\u00e5 resultatet av kulkast p\u00e5 ett roterande roulettehjul.<br \/>\nBlackjack &#8211; ett av de mest popul\u00e4ra kortspelen, d\u00e4r m\u00e5let \u00e4r att uppn\u00e5 en po\u00e4ng som ligger s\u00e5 n\u00e4ra siffran 21 som m\u00f6jligt.<br \/>\nOnlinepoker &#8211; varianter som Texas Hold&#8217;em och Omaha lockar spelare \u00f6ver hela v\u00e4rlden, i b\u00e5de kasino- och turneringsversioner.<br \/>\nSportsbetting &#8211; m\u00e5nga spelare v\u00e4ljer att satsa p\u00e5 resultatet av sportevenemang, vilket ger extra sp\u00e4nning n\u00e4r man tittar p\u00e5 matcher och t\u00e4vlingar.<br \/>\nHur spelar man framg\u00e5ngsrikt onlinekasinon?<br \/>\nF\u00f6r att \u00f6ka dina chanser att vinna och undvika obehagliga \u00f6verraskningar \u00e4r det v\u00e4rt att f\u00f6lja n\u00e5gra bepr\u00f6vade strategier:<\/p>\n<p>Hantera din budget &#8211; s\u00e4tt en spelbudget och \u00f6verskrid den inte.<\/p>\n<p>Satsa aldrig mer \u00e4n du har r\u00e5d att f\u00f6rlora. Utnyttja bonusar &#8211; kasinokampanjer kan \u00f6ka ditt startkapital avsev\u00e4rt, s\u00e5 h\u00e5ll ett \u00f6ga p\u00e5 de erbjudanden som finns tillg\u00e4ngliga. V\u00e4lja r\u00e4tt kasino &#8211; att kontrollera andra spelares recensioner och kasinots licens \u00e4r nyckeln till att spela s\u00e4kert. Popul\u00e4ra plattformar som<strong><a href=\"https:\/\/ggbetcasino-pl.com\/\" target=\"_blank\" rel=\"noopener\">ggbet kasino<\/a><\/strong><\/p>\n<p>popul\u00e4ra plattformar, som ggbet casino, har ett gott rykte och erbjuder m\u00e5nga bonusar f\u00f6r nya och vanliga spelare. K\u00e4nn till spelreglerna &#8211; innan du spelar \u00e4r det en bra id\u00e9 att l\u00e4ra sig reglerna f\u00f6r ett visst spel och \u00f6va det i demol\u00e4get. Kontrollera dina k\u00e4nslor &#8211; att spela p\u00e5 impuls och k\u00e4nslor kan leda till snabba f\u00f6rluster.<\/p>\n<p>Att h\u00e5lla sig lugn och anv\u00e4nda v\u00e4l genomt\u00e4nkta strategier \u00f6kar dina chanser att lyckas. \u00c4r onlinespel s\u00e4kra? S\u00e4kerhet \u00e4r en viktig aspekt i v\u00e4rlden av onlinespel. Bra onlinekasinon \u00e4r licensierade av v\u00e4lrenommerade tillsynsorgan som Malta Gaming Authority eller UK Gambling Commission. Det \u00e4r en bra id\u00e9 att bara v\u00e4lja plattformar som anv\u00e4nder datakryptering och erbjuder s\u00e4kra betalningsmetoder.     <\/p>\n<p>En viktig aspekt av s\u00e4kerheten \u00e4r ocks\u00e5 att skydda spelarna fr\u00e5n spelberoende. M\u00e5nga onlinekasinon erbjuder verktyg f\u00f6r sj\u00e4lv\u00f6vervakning, t.ex. ins\u00e4ttningsgr\u00e4nser, tillf\u00e4lliga kontoblockeringar och tester f\u00f6r sj\u00e4lvbed\u00f6mning av risker. <\/p>\n<p>Framtiden f\u00f6r onlinespel Onlinespelindustrin utvecklas snabbt och ny teknik spelar en viktig roll i utformningen av framtiden f\u00f6r onlinekasinon. Viktiga trender \u00e4r bland annat: <\/p>\n<p>VR-casinon (virtual reality) &#8211; VR-teknik g\u00f6r det m\u00f6jligt f\u00f6r spelare att f\u00e5 en \u00e4nnu mer uppslukande casinoupplevelse genom att de f\u00f6rflyttas till realistiska virtuella casinon. Blockchain och kryptovalutor &#8211; allt fler online-casinon accepterar betalningar med kryptovalutor, vilket ger st\u00f6rre anonymitet och s\u00e4kerhet f\u00f6r transaktioner.<\/p>\n<p>Utveckling av artificiell intelligens &#8211; AI kan hj\u00e4lpa till att analysera spelarnas beteende, anpassa erbjudanden och uppt\u00e4cka bedr\u00e4gerier. Sammanfattning Onlinespel erbjuder mycket sp\u00e4nning och m\u00f6jligheter att vinna, men det \u00e4r viktigt att ta ansvar f\u00f6r sitt spelande. Genom att v\u00e4lja ett v\u00e4lrenommerat casino, som ggbet casino, kan du p\u00e5 ett s\u00e4kert s\u00e4tt njuta av ett brett utbud av spel och kampanjer. Kom ih\u00e5g att alltid kontrollera din budget, anv\u00e4nda de strategier som finns tillg\u00e4ngliga och undvika impulsiva beslut. V\u00e4rlden av onlinekasinon har mycket att erbjuda, men det viktigaste \u00e4r att njuta av den p\u00e5 ett informerat och ansvarsfullt s\u00e4tt.   <\/p>\n","protected":false},"excerpt":{"rendered":"<p>Onlinespel blir allt popul\u00e4rare runt om i v\u00e4rlden. Tack vare moderna onlineplattformar kan spelare f\u00e5 tillg\u00e5ng till ett brett utbud av slots, bordsspel och sportsbetting utan att beh\u00f6va l\u00e4mna hemmet. I och med branschens snabba tillv\u00e4xt v\u00e4ljer allt fler att [&hellip;]<\/p>\n","protected":false},"author":2,"featured_media":0,"parent":0,"menu_order":0,"comment_status":"closed","ping_status":"closed","template":"","meta":{"_angie_page":false,"footnotes":""},"class_list":["post-17048","page","type-page","status-publish","hentry"],"_links":{"self":[{"href":"https:\/\/permanentny-anastazja.pl\/sv\/wp-json\/wp\/v2\/pages\/17048","targetHints":{"allow":["GET"]}}],"collection":[{"href":"https:\/\/permanentny-anastazja.pl\/sv\/wp-json\/wp\/v2\/pages"}],"about":[{"href":"https:\/\/permanentny-anastazja.pl\/sv\/wp-json\/wp\/v2\/types\/page"}],"author":[{"embeddable":true,"href":"https:\/\/permanentny-anastazja.pl\/sv\/wp-json\/wp\/v2\/users\/2"}],"replies":[{"embeddable":true,"href":"https:\/\/permanentny-anastazja.pl\/sv\/wp-json\/wp\/v2\/comments?post=17048"}],"version-history":[{"count":0,"href":"https:\/\/permanentny-anastazja.pl\/sv\/wp-json\/wp\/v2\/pages\/17048\/revisions"}],"wp:attachment":[{"href":"https:\/\/permanentny-anastazja.pl\/sv\/wp-json\/wp\/v2\/media?parent=17048"}],"curies":[{"name":"wp","href":"https:\/\/api.w.org\/{rel}","templated":true}]}}