{"id":18135,"date":"2026-02-28T15:57:59","date_gmt":"2026-02-28T14:57:59","guid":{"rendered":"https:\/\/permanentny-anastazja.pl\/utbildning-i-permanent-makeup\/"},"modified":"2026-02-28T16:07:17","modified_gmt":"2026-02-28T15:07:17","slug":"utbildning-i-permanent-makeup","status":"publish","type":"page","link":"https:\/\/permanentny-anastazja.pl\/sv\/utbildning-i-permanent-makeup\/","title":{"rendered":"Utbildning i permanent makeup"},"content":{"rendered":"\t\t<div data-elementor-type=\"wp-page\" data-elementor-id=\"18135\" class=\"elementor elementor-18135 elementor-18141\" data-elementor-post-type=\"page\">\n\t\t\t\t\t\t<section class=\"elementor-section elementor-top-section elementor-element elementor-element-441d642a elementor-section-boxed elementor-section-height-default elementor-section-height-default mkdf-parallax-row-no mkdf-content-aligment-left mkdf-elementor-row-grid-no mkdf-disabled-bg-image-bellow-no\" data-id=\"441d642a\" data-element_type=\"section\">\n\t\t\t\t\t\t<div class=\"elementor-container elementor-column-gap-default\">\n\t\t\t\t\t<div class=\"elementor-column elementor-col-100 elementor-top-column elementor-element elementor-element-33a3b149\" data-id=\"33a3b149\" data-element_type=\"column\">\n\t\t\t<div class=\"elementor-widget-wrap elementor-element-populated\">\n\t\t\t\t\t\t<div class=\"elementor-element elementor-element-4f53ffb2 elementor-widget elementor-widget-text-editor\" data-id=\"4f53ffb2\" data-element_type=\"widget\" data-widget_type=\"text-editor.default\">\n\t\t\t\t<div class=\"elementor-widget-container\">\n\t\t\t\t\t\t\t\t\t\n<div class=\"wp-block-group alignfull has-background\" style=\"background-color:#f5f0eb;padding-top:var(--wp--preset--spacing--80);padding-bottom:var(--wp--preset--spacing--80)\">\n<div class=\"wp-block-columns alignwide are-vertically-aligned-center\">\n<div class=\"wp-block-column is-vertically-aligned-center\" style=\"flex-basis:50%\">\n<h1 class=\"wp-block-heading has-text-color has-black-color animate__animated animate__fadeInUp\" style=\"font-size:3rem;font-style:normal;font-weight:700;line-height:1.1\">Det h\u00e4r \u00e4r inte en kurs. Det \u00e4r b\u00f6rjan p\u00e5 din nya karri\u00e4r inom sk\u00f6nhetsindustrin. <\/h1>\n\n\n\n<p class=\"has-text-color has-dark-gray-color animate__animated animate__fadeInUp\" style=\"font-size:1.125rem;line-height:1.6\">P\u00e5 n\u00e5gra dagar l\u00e4r du dig en specifik f\u00e4rdighet som du realistiskt kan tj\u00e4na pengar p\u00e5. Inget kaos, inga gissningar, inget &#8221;titta p\u00e5 YouTube-videor&#8221;. <\/p>\n\n\n\n<p class=\"has-text-color has-dark-gray-color animate__animated animate__fadeInUp\" style=\"font-size:1.125rem;line-height:1.6\">Du f\u00e5r en f\u00e4rdig handlingsplan, \u00f6vning p\u00e5 modeller och st\u00f6d som ger dig trygghet med dina f\u00f6rsta kunder.<\/p>\n\n\n\n<blockquote class=\"wp-block-quote has-text-color has-black-color animate__animated animate__fadeInUp\" style=\"border-left-color:#000000;border-left-width:4px;font-size:1.25rem;font-style:italic;font-weight:500\">\n<p>Du l\u00e4r dig inte bara teknik. Du l\u00e4r dig hur man b\u00f6rjar tj\u00e4na pengar. <\/p>\n<\/blockquote>\n\n\n\n<div style=\"height:30px\" aria-hidden=\"true\" class=\"wp-block-spacer\"><\/div>\n\n\n\n<div class=\"wp-block-buttons\">\n<div class=\"wp-block-button is-style-fill angie-interactive\"><a class=\"wp-block-button__link has-text-color has-background has-custom-font-size wp-element-button\" style=\"border-radius:0px;color:#ffffff;background-color:#000000;padding-top:15px;padding-right:35px;padding-bottom:15px;padding-left:35px;font-size:1rem;font-weight:600\">Kolla in programmet och anm\u00e4l dig till utbildning<\/a><\/div>\n<\/div>\n<\/div>\n\n\n\n<div class=\"wp-block-column is-vertically-aligned-center\" style=\"flex-basis:50%\">\n<div class=\"wp-block-group\">\n<div class=\"wp-block-group has-custom-border animate__animated animate__fadeInRight has-background\" style=\"border-radius:20px;background-color:#ffffff;padding-top:25px;padding-right:30px;padding-bottom:25px;padding-left:30px;box-shadow:var(--wp--preset--shadow--natural)\">\n<p class=\"has-text-color has-black-color\" style=\"font-weight:600\">1. \u00f6vning p\u00e5 verkliga modeller<\/p>\n<\/div>\n\n\n\n<div class=\"wp-block-group has-custom-border animate__animated animate__fadeInRight has-background\" style=\"border-radius:20px;background-color:#ffffff;padding-top:25px;padding-right:30px;padding-bottom:25px;padding-left:30px;box-shadow:var(--wp--preset--shadow--natural)\">\n<p class=\"has-text-color has-black-color\" style=\"font-weight:600\">2. Sm\u00e5 grupper &#8211; maximalt st\u00f6d<\/p>\n<\/div>\n\n\n\n<div class=\"wp-block-group has-custom-border animate__animated animate__fadeInRight has-background\" style=\"border-radius:20px;background-color:#ffffff;padding-top:25px;padding-right:30px;padding-bottom:25px;padding-left:30px;box-shadow:var(--wp--preset--shadow--natural)\">\n<p class=\"has-text-color has-black-color\" style=\"font-weight:600\">3 F\u00e4rdiga arbetsfl\u00f6den och priss\u00e4ttning<\/p>\n<\/div>\n\n\n\n<div class=\"wp-block-group has-custom-border animate__animated animate__fadeInRight has-background\" style=\"border-radius:20px;background-color:#ffffff;padding-top:25px;padding-right:30px;padding-bottom:25px;padding-left:30px;box-shadow:var(--wp--preset--shadow--natural)\">\n<p class=\"has-text-color has-black-color\" style=\"font-weight:600\">4. St\u00f6d efter utbildningen &#8211; du l\u00e4mnas inte ensam<\/p>\n<\/div>\n<\/div>\n<\/div>\n<\/div>\n<\/div>\n\t\t\t\t\t\t\t\t<\/div>\n\t\t\t\t<\/div>\n\t\t\t\t\t<\/div>\n\t\t<\/div>\n\t\t\t\t\t<\/div>\n\t\t<\/section>\n\t\t\t\t<\/div>\n\t\t","protected":false},"excerpt":{"rendered":"<p>Det h\u00e4r \u00e4r inte en kurs. Det \u00e4r b\u00f6rjan p\u00e5 din nya karri\u00e4r inom sk\u00f6nhetsindustrin. P\u00e5 n\u00e5gra dagar l\u00e4r du dig en specifik f\u00e4rdighet som du realistiskt kan tj\u00e4na pengar p\u00e5. Inget kaos, inga gissningar, inget &#8221;titta p\u00e5 YouTube-videor&#8221;. Du [&hellip;]<\/p>\n","protected":false},"author":1,"featured_media":0,"parent":0,"menu_order":0,"comment_status":"closed","ping_status":"closed","template":"angie-canvas","meta":{"_angie_page":false,"footnotes":""},"class_list":["post-18135","page","type-page","status-publish","hentry"],"_links":{"self":[{"href":"https:\/\/permanentny-anastazja.pl\/sv\/wp-json\/wp\/v2\/pages\/18135","targetHints":{"allow":["GET"]}}],"collection":[{"href":"https:\/\/permanentny-anastazja.pl\/sv\/wp-json\/wp\/v2\/pages"}],"about":[{"href":"https:\/\/permanentny-anastazja.pl\/sv\/wp-json\/wp\/v2\/types\/page"}],"author":[{"embeddable":true,"href":"https:\/\/permanentny-anastazja.pl\/sv\/wp-json\/wp\/v2\/users\/1"}],"replies":[{"embeddable":true,"href":"https:\/\/permanentny-anastazja.pl\/sv\/wp-json\/wp\/v2\/comments?post=18135"}],"version-history":[{"count":0,"href":"https:\/\/permanentny-anastazja.pl\/sv\/wp-json\/wp\/v2\/pages\/18135\/revisions"}],"wp:attachment":[{"href":"https:\/\/permanentny-anastazja.pl\/sv\/wp-json\/wp\/v2\/media?parent=18135"}],"curies":[{"name":"wp","href":"https:\/\/api.w.org\/{rel}","templated":true}]}}